{"id":1082,"date":"2018-10-20T17:29:56","date_gmt":"2018-10-20T15:29:56","guid":{"rendered":"http:\/\/2018.ureda.de\/?page_id=1082"},"modified":"2018-12-31T16:23:29","modified_gmt":"2018-12-31T15:23:29","slug":"unterrichtsraum","status":"publish","type":"page","link":"https:\/\/www.ureda.de\/?page_id=1082","title":{"rendered":"Unterrichtsraum"},"content":{"rendered":"<div id=\"image-map-pro-4111\"><\/div>\n<p>&nbsp;<\/p>\n<p>Wendur fordert Siri und Anele auf, sich mit den eingetroffenen Fragen von Iris und Elena (die er an das Pinnbrett geheftet hat (klickbar)) zu besch\u00e4ftigen. Dazu l\u00e4\u00dft er sie acht K\u00e4rtchen mit Begriffen beschriften, die sie ordnen sollen.&nbsp; Durch einen Klick auf den Tisch, kann man an den Versuchen teilhaben.<\/p>\n","protected":false},"excerpt":{"rendered":"<p>&nbsp; Wendur fordert Siri und Anele auf, sich mit den eingetroffenen Fragen von Iris und Elena (die er an das Pinnbrett geheftet hat (klickbar)) zu besch\u00e4ftigen. Dazu l\u00e4\u00dft er sie acht K\u00e4rtchen mit Begriffen beschriften, die sie ordnen sollen.&nbsp; Durch einen Klick auf den Tisch, kann man an den Versuchen teilhaben.<\/p>\n","protected":false},"author":1,"featured_media":0,"parent":1029,"menu_order":5,"comment_status":"closed","ping_status":"closed","template":"","meta":{"footnotes":""},"class_list":["post-1082","page","type-page","status-publish","hentry"],"_links":{"self":[{"href":"https:\/\/www.ureda.de\/index.php?rest_route=\/wp\/v2\/pages\/1082"}],"collection":[{"href":"https:\/\/www.ureda.de\/index.php?rest_route=\/wp\/v2\/pages"}],"about":[{"href":"https:\/\/www.ureda.de\/index.php?rest_route=\/wp\/v2\/types\/page"}],"author":[{"embeddable":true,"href":"https:\/\/www.ureda.de\/index.php?rest_route=\/wp\/v2\/users\/1"}],"replies":[{"embeddable":true,"href":"https:\/\/www.ureda.de\/index.php?rest_route=%2Fwp%2Fv2%2Fcomments&post=1082"}],"version-history":[{"count":11,"href":"https:\/\/www.ureda.de\/index.php?rest_route=\/wp\/v2\/pages\/1082\/revisions"}],"predecessor-version":[{"id":1708,"href":"https:\/\/www.ureda.de\/index.php?rest_route=\/wp\/v2\/pages\/1082\/revisions\/1708"}],"up":[{"embeddable":true,"href":"https:\/\/www.ureda.de\/index.php?rest_route=\/wp\/v2\/pages\/1029"}],"wp:attachment":[{"href":"https:\/\/www.ureda.de\/index.php?rest_route=%2Fwp%2Fv2%2Fmedia&parent=1082"}],"curies":[{"name":"wp","href":"https:\/\/api.w.org\/{rel}","templated":true}]}}