{"id":1086,"date":"2018-10-20T17:32:06","date_gmt":"2018-10-20T15:32:06","guid":{"rendered":"http:\/\/2018.ureda.de\/?page_id=1086"},"modified":"2019-02-05T17:13:01","modified_gmt":"2019-02-05T16:13:01","slug":"eg-noch-nicht-verwendeter-raum","status":"publish","type":"page","link":"https:\/\/www.ureda.de\/?page_id=1086","title":{"rendered":"Verlassener Schulraum"},"content":{"rendered":"<p><img loading=\"lazy\" decoding=\"async\" class=\"alignnone wp-image-1270\" src=\"http:\/\/2018.ureda.de\/wp-content\/uploads\/2018\/11\/verlassener-schulraum-2-300x202.jpg\" alt=\"\" width=\"603\" height=\"406\" srcset=\"https:\/\/www.ureda.de\/wp-content\/uploads\/2018\/11\/verlassener-schulraum-2-300x202.jpg 300w, https:\/\/www.ureda.de\/wp-content\/uploads\/2018\/11\/verlassener-schulraum-2.jpg 618w\" sizes=\"(max-width: 603px) 100vw, 603px\" \/><\/p>\n<p>Die Schwestern stellten fest, dass man es in den verlassenen R\u00e4umen recht gut aushalten konnte, sofern man sich nicht vor Staub, Spinnen und ihren Geweben ekelte. Sie waren weder verfallen, noch ihre Einrichtung unbrauchbar. Einige Tage Gro\u00dfputzeinsatz h\u00e4tten gen\u00fcgt, die alte Philosophenschule von Ureda wieder in Betrieb zu nehmen.<\/p>\n","protected":false},"excerpt":{"rendered":"<p>Die Schwestern stellten fest, dass man es in den verlassenen R\u00e4umen recht gut aushalten konnte, sofern man sich nicht vor Staub, Spinnen und ihren Geweben ekelte. Sie waren weder verfallen, noch ihre Einrichtung unbrauchbar. Einige Tage Gro\u00dfputzeinsatz h\u00e4tten gen\u00fcgt, die alte Philosophenschule von Ureda wieder in Betrieb zu nehmen.<\/p>\n","protected":false},"author":1,"featured_media":0,"parent":1029,"menu_order":0,"comment_status":"closed","ping_status":"closed","template":"","meta":{"footnotes":""},"class_list":["post-1086","page","type-page","status-publish","hentry"],"_links":{"self":[{"href":"https:\/\/www.ureda.de\/index.php?rest_route=\/wp\/v2\/pages\/1086"}],"collection":[{"href":"https:\/\/www.ureda.de\/index.php?rest_route=\/wp\/v2\/pages"}],"about":[{"href":"https:\/\/www.ureda.de\/index.php?rest_route=\/wp\/v2\/types\/page"}],"author":[{"embeddable":true,"href":"https:\/\/www.ureda.de\/index.php?rest_route=\/wp\/v2\/users\/1"}],"replies":[{"embeddable":true,"href":"https:\/\/www.ureda.de\/index.php?rest_route=%2Fwp%2Fv2%2Fcomments&post=1086"}],"version-history":[{"count":6,"href":"https:\/\/www.ureda.de\/index.php?rest_route=\/wp\/v2\/pages\/1086\/revisions"}],"predecessor-version":[{"id":2689,"href":"https:\/\/www.ureda.de\/index.php?rest_route=\/wp\/v2\/pages\/1086\/revisions\/2689"}],"up":[{"embeddable":true,"href":"https:\/\/www.ureda.de\/index.php?rest_route=\/wp\/v2\/pages\/1029"}],"wp:attachment":[{"href":"https:\/\/www.ureda.de\/index.php?rest_route=%2Fwp%2Fv2%2Fmedia&parent=1086"}],"curies":[{"name":"wp","href":"https:\/\/api.w.org\/{rel}","templated":true}]}}