{"id":120,"date":"2018-01-22T15:33:05","date_gmt":"2018-01-22T14:33:05","guid":{"rendered":"http:\/\/2018.ureda.de\/?page_id=120"},"modified":"2019-04-09T17:15:03","modified_gmt":"2019-04-09T15:15:03","slug":"special-urherberrechtshinweise","status":"publish","type":"page","link":"https:\/\/www.ureda.de\/?page_id=120","title":{"rendered":"Impressum"},"content":{"rendered":"<p>Angaben gem. \u00a7 5 TMG<\/p>\n<p><strong>Verantwortlich f\u00fcr den Inhalt nach \u00a7 55 Abs. 2 RStV<\/strong>:<\/p>\n<p>Prof. Dr. Karl-Josef Durwen<\/p>\n<p>Paul-Jordery-Str. 8<\/p>\n<p>72622 N\u00fcrtingen<\/p>\n<p>Mail: kj.durwen@web.de<\/p>\n<p>Tel.: 07022-45318<\/p>\n<p>Umsatzsteuer-Identifikationsnummer gem. \u00a7 27 a Umsatzsteuergesetz: keine<\/p>\n<p>Wirtschafts-ID: keine<\/p>\n<p><strong>\u00a0<\/strong><\/p>\n<p><strong>Haftungsausschluss &#8211; Disclaimer<\/strong>:<\/p>\n<p><strong>Haftung f\u00fcr Inhalte<\/strong><\/p>\n<p>Alle Inhalte meines Internetauftritts wurden mit gr\u00f6\u00dfter Sorgfalt und nach bestem Gewissen erstellt. F\u00fcr die Richtigkeit, Vollst\u00e4ndigkeit und Aktualit\u00e4t der Inhalte kann ich jedoch keine Gew\u00e4hr \u00fcbernehmen. Ich bin nicht verpflichtet, \u00fcbermittelte oder gespeicherte fremde Informationen zu \u00fcberwachen oder nach Umst\u00e4nden zu forschen, die auf eine rechtswidrige T\u00e4tigkeit hinweisen. Verpflichtungen zur Entfernung oder Sperrung der Nutzung von Informationen nach den allgemeinen Gesetzen bleiben hiervon unber\u00fchrt.<\/p>\n<p>Eine diesbez\u00fcgliche Haftung ist jedoch erst ab dem Zeitpunkt der Kenntniserlangung einer konkreten Rechtsverletzung m\u00f6glich. Bei Bekanntwerden von den o.g. Rechtsverletzungen werde ich diese Inhalte unverz\u00fcglich entfernen.<\/p>\n<p>.<\/p>\n<p><strong>Haftungsbeschr\u00e4nkung f\u00fcr externe Links<\/strong><\/p>\n<p>Meine Webseite www.ureda.de enth\u00e4lt Links auf externe Webseiten Dritter. Auf die Inhalte dieser direkt oder indirekt verlinkten Webseiten habe ich keinen Einfluss. Daher kann ich f\u00fcr die \u201eexternen Links\u201c auch keine Gew\u00e4hr auf Richtigkeit der Inhalte \u00fcbernehmen. F\u00fcr die Inhalte der externen Links sind die jeweilige Anbieter oder Betreiber (Urheber) der Seiten verantwortlich.<\/p>\n<p>F\u00fcr die Funktionalit\u00e4t der externen Links, sowie insbesondere f\u00fcr deren Inhalte, wird keinerlei Verantwortung und Haftung \u00fcbernommen.<\/p>\n<p>Die externen Links wurden zum Zeitpunkt der Linksetzung auf eventuelle Rechtsverst\u00f6\u00dfe \u00fcberpr\u00fcft und waren im Zeitpunkt der Linksetzung frei von rechtswidrigen Inhalten. Eine st\u00e4ndige inhaltliche \u00dcberpr\u00fcfung der externen Links ist ohne konkrete Anhaltspunkte einer Rechtsverletzung nicht m\u00f6glich. Bei direkten oder indirekten Verlinkungen auf die Webseiten Dritter, die au\u00dferhalb meines Verantwortungsbereichs liegen, w\u00fcrde eine Haftungsverpflichtung nur bestehen, wenn ich von den Inhalten Kenntnis erlangen und es mir technisch m\u00f6glich und zumutbar w\u00e4re, die Nutzung im Falle rechtswidriger Inhalte zu verhindern.<\/p>\n<p>Diese Haftungsausschlusserkl\u00e4rung gilt auch innerhalb des eigenen Internetauftrittes www.ureda.de gesetzten Links und Verweise von Fragestellern, Blogeintr\u00e4gern, G\u00e4sten des Diskussionsforums. F\u00fcr illegale, fehlerhafte oder unvollst\u00e4ndige Inhalte und insbesondere f\u00fcr Sch\u00e4den, die aus der Nutzung oder Nichtnutzung solcherart dargestellten Informationen entstehen, haftet allein der Diensteanbieter der Seite, auf welche verwiesen wurde, nicht derjenige, der \u00fcber Links auf die jeweilige Ver\u00f6ffentlichung lediglich verweist.<\/p>\n<p>Werden uns Rechtsverletzungen bekannt, werden die externen Links durch mich unverz\u00fcglich entfernt.<\/p>\n<p>.<\/p>\n<p><strong>Urheberrecht<\/strong><\/p>\n<p>Die auf meiner Webseite www.ureda.de ver\u00f6ffentlichen Inhalte und Werke unterliegen dem deutschen Urheberrecht (<a href=\"http:\/\/www.gesetze-im-internet.de\/bundesrecht\/urhg\/gesamt.pdf\">http:\/\/www.gesetze-im-internet.de\/bundesrecht\/urhg\/gesamt.pdf<\/a>).<\/p>\n<p>Die Vervielf\u00e4ltigung, Bearbeitung, Verbreitung und jede Art der Verwertung des geistigen Eigentums in ideeller und materieller Sicht des Urhebers au\u00dferhalb der Grenzen des Urheberrechtes bed\u00fcrfen meiner vorherigen schriftlichen Zustimmung i.S.d. Urhebergesetzes.<\/p>\n<p>Downloads und Kopien dieser Seite sind nur f\u00fcr den privaten und nicht kommerziellen Gebrauch erlaubt. Soweit die Inhalte auf der Seite nicht von mir erstellt wurden, sind die Urheberrechte Dritter beachtet. Insbesondere sind Inhalte Dritter als solche gekennzeichnet. Sollten Sie trotzdem auf eine Urheberrechtsverletzung aufmerksam werden, bitte ich um einen entsprechenden Hinweis. Bei Bekanntwerden von Rechtsverletzungen werde ich derartige Inhalte unverz\u00fcglich entfernen.<\/p>\n<p>.<\/p>\n<p><strong>Datenschutz<\/strong><\/p>\n<p>Die Nutzung meiner Webseite geschieht ohne Angabe personenbezogener Daten. Personenbezogene Daten werden somit nicht erhoben und gespeichert.<\/p>\n<p>Zu statistischen Zwecken wird WP-Statistics verwendet, wobei die IP-Adressen anonymisiert und nicht weiter verwendet werden.<\/p>\n<p>Ich weise darauf hin, dass die Daten\u00fcbertragung im Internet &#8211; etwa bei der Kommunikation per E-Mail oder \u00fcber das Kontaktformular &#8211;\u00a0 Sicherheitsl\u00fccken aufweisen kann. Ein l\u00fcckenloser Schutz der Daten vor dem Zugriff durch Dritte ist nicht m\u00f6glich.<\/p>\n<p>Der Nutzung von im Rahmen der Impressumspflicht ver\u00f6ffentlichten Kontaktdaten durch Dritte zur \u00dcbersendung von Werbung, Spam und Informationsmaterialien wird hiermit ausdr\u00fccklich widersprochen. Ich behalte mir rechtliche Schritte im Falle der Zuwiderhandlung vor.<\/p>\n","protected":false},"excerpt":{"rendered":"<p>Angaben gem. \u00a7 5 TMG Verantwortlich f\u00fcr den Inhalt nach \u00a7 55 Abs. 2 RStV: Prof. Dr. Karl-Josef Durwen Paul-Jordery-Str. 8 72622 N\u00fcrtingen Mail: kj.durwen@web.de Tel.: 07022-45318 Umsatzsteuer-Identifikationsnummer gem. \u00a7 27 a Umsatzsteuergesetz: keine Wirtschafts-ID: keine \u00a0 Haftungsausschluss &#8211; Disclaimer: Haftung f\u00fcr Inhalte Alle Inhalte meines Internetauftritts wurden mit gr\u00f6\u00dfter Sorgfalt und nach bestem Gewissen [&hellip;]<\/p>\n","protected":false},"author":1,"featured_media":0,"parent":732,"menu_order":0,"comment_status":"closed","ping_status":"closed","template":"","meta":{"footnotes":""},"class_list":["post-120","page","type-page","status-publish","hentry"],"_links":{"self":[{"href":"https:\/\/www.ureda.de\/index.php?rest_route=\/wp\/v2\/pages\/120"}],"collection":[{"href":"https:\/\/www.ureda.de\/index.php?rest_route=\/wp\/v2\/pages"}],"about":[{"href":"https:\/\/www.ureda.de\/index.php?rest_route=\/wp\/v2\/types\/page"}],"author":[{"embeddable":true,"href":"https:\/\/www.ureda.de\/index.php?rest_route=\/wp\/v2\/users\/1"}],"replies":[{"embeddable":true,"href":"https:\/\/www.ureda.de\/index.php?rest_route=%2Fwp%2Fv2%2Fcomments&post=120"}],"version-history":[{"count":15,"href":"https:\/\/www.ureda.de\/index.php?rest_route=\/wp\/v2\/pages\/120\/revisions"}],"predecessor-version":[{"id":5131,"href":"https:\/\/www.ureda.de\/index.php?rest_route=\/wp\/v2\/pages\/120\/revisions\/5131"}],"up":[{"embeddable":true,"href":"https:\/\/www.ureda.de\/index.php?rest_route=\/wp\/v2\/pages\/732"}],"wp:attachment":[{"href":"https:\/\/www.ureda.de\/index.php?rest_route=%2Fwp%2Fv2%2Fmedia&parent=120"}],"curies":[{"name":"wp","href":"https:\/\/api.w.org\/{rel}","templated":true}]}}