{"id":130,"date":"2018-01-25T13:37:12","date_gmt":"2018-01-25T12:37:12","guid":{"rendered":"http:\/\/2018.ureda.de\/?page_id=130"},"modified":"2019-02-13T10:41:19","modified_gmt":"2019-02-13T09:41:19","slug":"special-copyright","status":"publish","type":"page","link":"https:\/\/www.ureda.de\/?page_id=130","title":{"rendered":"Copyright"},"content":{"rendered":"<table border=\"0\" width=\"520\" cellspacing=\"0\">\n<tbody>\n<tr>\n<td valign=\"MIDDLE\" width=\"7%\"><\/td>\n<td valign=\"MIDDLE\" width=\"93%\"><span class=\"body_10px\"><b>Urherberrechtshinweise<\/b><\/span><\/p>\n<p>www.ureda.de ist die Website zum philosophischen Abenteuer-Roman &#8222;<a href=\"http:\/\/2018.ureda.de\/?page_id=1712\">Sofies Spiegelwelt<\/a>&#8220; sowie dem Seh-, H\u00f6r- und Klickbuch &#8222;<a href=\"http:\/\/2018.ureda.de\/?page_id=2451\">Uri durch den Spiegel<\/a>&#8220; von Karl-Josef Durwen.<\/p>\n<p>Die auf dieser Webseite ver\u00f6ffentlichen Inhalte und Werke unterliegen dem deutschen <a href=\"http:\/\/www.gesetze-im-internet.de\/bundesrecht\/urhg\/gesamt.pdf\">Urheberrecht<\/a>.<\/p>\n<p>Die Vervielf\u00e4ltigung, Bearbeitung, Verbreitung und jede Art der Verwertung des geistigen Eigentums in ideeller und materieller Sicht au\u00dferhalb der Grenzen des Urheberrechtes bed\u00fcrfen meiner vorherigen schriftlichen Zustimmung.<\/p>\n<p>Downloads und Kopien dieser Seite sind nur f\u00fcr den privaten und nichtkommerziellen Gebrauch erlaubt.<\/p>\n<p>R\u00fcckmeldungen zu etwaigen Fehlern, Erg\u00e4nzungen und Anregungen sind willkommen.<\/p>\n<p>Links auf die Domain Ureda d\u00fcrfen gerne gelegt werden. Um Benachrichtigung wird gebeten.<b><br \/>\n<\/b><\/td>\n<\/tr>\n<\/tbody>\n<\/table>\n","protected":false},"excerpt":{"rendered":"<p>Urherberrechtshinweise www.ureda.de ist die Website zum philosophischen Abenteuer-Roman &#8222;Sofies Spiegelwelt&#8220; sowie dem Seh-, H\u00f6r- und Klickbuch &#8222;Uri durch den Spiegel&#8220; von Karl-Josef Durwen. Die auf dieser Webseite ver\u00f6ffentlichen Inhalte und Werke unterliegen dem deutschen Urheberrecht. Die Vervielf\u00e4ltigung, Bearbeitung, Verbreitung und jede Art der Verwertung des geistigen Eigentums in ideeller und materieller Sicht au\u00dferhalb der Grenzen [&hellip;]<\/p>\n","protected":false},"author":1,"featured_media":0,"parent":732,"menu_order":0,"comment_status":"closed","ping_status":"closed","template":"","meta":{"footnotes":""},"class_list":["post-130","page","type-page","status-publish","hentry"],"_links":{"self":[{"href":"https:\/\/www.ureda.de\/index.php?rest_route=\/wp\/v2\/pages\/130"}],"collection":[{"href":"https:\/\/www.ureda.de\/index.php?rest_route=\/wp\/v2\/pages"}],"about":[{"href":"https:\/\/www.ureda.de\/index.php?rest_route=\/wp\/v2\/types\/page"}],"author":[{"embeddable":true,"href":"https:\/\/www.ureda.de\/index.php?rest_route=\/wp\/v2\/users\/1"}],"replies":[{"embeddable":true,"href":"https:\/\/www.ureda.de\/index.php?rest_route=%2Fwp%2Fv2%2Fcomments&post=130"}],"version-history":[{"count":13,"href":"https:\/\/www.ureda.de\/index.php?rest_route=\/wp\/v2\/pages\/130\/revisions"}],"predecessor-version":[{"id":2956,"href":"https:\/\/www.ureda.de\/index.php?rest_route=\/wp\/v2\/pages\/130\/revisions\/2956"}],"up":[{"embeddable":true,"href":"https:\/\/www.ureda.de\/index.php?rest_route=\/wp\/v2\/pages\/732"}],"wp:attachment":[{"href":"https:\/\/www.ureda.de\/index.php?rest_route=%2Fwp%2Fv2%2Fmedia&parent=130"}],"curies":[{"name":"wp","href":"https:\/\/api.w.org\/{rel}","templated":true}]}}