{"id":1513,"date":"2018-11-11T15:37:51","date_gmt":"2018-11-11T14:37:51","guid":{"rendered":"http:\/\/2018.ureda.de\/?page_id=1513"},"modified":"2019-02-17T13:39:29","modified_gmt":"2019-02-17T12:39:29","slug":"das-chaoszimmer","status":"publish","type":"page","link":"https:\/\/www.ureda.de\/?page_id=1513","title":{"rendered":"Das Chaoszimmer"},"content":{"rendered":"<p>&#8230; ist zwar der <a href=\"http:\/\/2018.ureda.de\/?page_id=3367\">Treffpunkt von Iris und Elena<\/a> in der &#8222;realen&#8220; Welt, doch sind derartige R\u00e4ume in jedem Universum zu finden. Schlie\u00dflich geht das Chaos dem Kosmos nicht nur voraus, es gibt ihm auch <a href=\"http:\/\/2018.ureda.de\/?page_id=2315\">Freiheit<\/a>.<\/p>\n<p>.<\/p>\n<div id=\"image-map-pro-5817\"><\/div>\n\n\n<p>.<\/p>\n\n\n\n<p>Eine gute Erkl\u00e4rung der Chaostheorie und der Rolle, die <a href=\"http:\/\/2018.ureda.de\/?page_id=1999\">Schmetterlinge<\/a> dabei spielen, gibt das <a href=\"https:\/\/www.focus.de\/wissen\/videos\/die-chaostheorie-einfach-erklaert-der-schmetterlingseffekt-kann-ein-fluegelschlag-einen-tornado-ausloesen_id_4922538.html\" target=\"_blank\" rel=\"noreferrer noopener\" aria-label=\" (\u00f6ffnet in neuem Tab)\">Video<\/a>.<\/p>\n\n\n\n<p><\/p>\n","protected":false},"excerpt":{"rendered":"<p>&#8230; ist zwar der Treffpunkt von Iris und Elena in der &#8222;realen&#8220; Welt, doch sind derartige R\u00e4ume in jedem Universum zu finden. Schlie\u00dflich geht das Chaos dem Kosmos nicht nur voraus, es gibt ihm auch Freiheit. . . Eine gute Erkl\u00e4rung der Chaostheorie und der Rolle, die Schmetterlinge dabei spielen, gibt das Video.<\/p>\n","protected":false},"author":1,"featured_media":0,"parent":1035,"menu_order":0,"comment_status":"closed","ping_status":"closed","template":"","meta":{"footnotes":""},"class_list":["post-1513","page","type-page","status-publish","hentry"],"_links":{"self":[{"href":"https:\/\/www.ureda.de\/index.php?rest_route=\/wp\/v2\/pages\/1513"}],"collection":[{"href":"https:\/\/www.ureda.de\/index.php?rest_route=\/wp\/v2\/pages"}],"about":[{"href":"https:\/\/www.ureda.de\/index.php?rest_route=\/wp\/v2\/types\/page"}],"author":[{"embeddable":true,"href":"https:\/\/www.ureda.de\/index.php?rest_route=\/wp\/v2\/users\/1"}],"replies":[{"embeddable":true,"href":"https:\/\/www.ureda.de\/index.php?rest_route=%2Fwp%2Fv2%2Fcomments&post=1513"}],"version-history":[{"count":14,"href":"https:\/\/www.ureda.de\/index.php?rest_route=\/wp\/v2\/pages\/1513\/revisions"}],"predecessor-version":[{"id":3403,"href":"https:\/\/www.ureda.de\/index.php?rest_route=\/wp\/v2\/pages\/1513\/revisions\/3403"}],"up":[{"embeddable":true,"href":"https:\/\/www.ureda.de\/index.php?rest_route=\/wp\/v2\/pages\/1035"}],"wp:attachment":[{"href":"https:\/\/www.ureda.de\/index.php?rest_route=%2Fwp%2Fv2%2Fmedia&parent=1513"}],"curies":[{"name":"wp","href":"https:\/\/api.w.org\/{rel}","templated":true}]}}