{"id":1593,"date":"2018-11-16T10:40:02","date_gmt":"2018-11-16T09:40:02","guid":{"rendered":"http:\/\/2018.ureda.de\/?page_id=1593"},"modified":"2020-02-03T11:30:11","modified_gmt":"2020-02-03T10:30:11","slug":"i-gefangen-im-netz-2","status":"publish","type":"page","link":"https:\/\/www.ureda.de\/?page_id=1593","title":{"rendered":"I &#8211; Gefangen im Netz"},"content":{"rendered":"\t\t<div data-elementor-type=\"wp-post\" data-elementor-id=\"1593\" class=\"elementor elementor-1593\">\n\t\t\t\t\t\t\t\t\t<section class=\"elementor-section elementor-top-section elementor-element elementor-element-760f6337 elementor-section-boxed elementor-section-height-default elementor-section-height-default\" data-id=\"760f6337\" data-element_type=\"section\">\n\t\t\t\t\t\t<div class=\"elementor-container elementor-column-gap-default\">\n\t\t\t\t\t<div class=\"elementor-column elementor-col-100 elementor-top-column elementor-element elementor-element-70c6368e\" data-id=\"70c6368e\" data-element_type=\"column\">\n\t\t\t<div class=\"elementor-widget-wrap elementor-element-populated\">\n\t\t\t\t\t\t\t\t<div class=\"elementor-element elementor-element-284ecb0c elementor-widget elementor-widget-text-editor\" data-id=\"284ecb0c\" data-element_type=\"widget\" data-widget_type=\"text-editor.default\">\n\t\t\t\t<div class=\"elementor-widget-container\">\n\t\t\t\t\t\t\t<p>Iris (15) erwacht aus einem Albtraum, h\u00f6rt sp\u00e4ter auf dem Player eine Stimme, die \u201ebewusst sein\u201c sagt, und entdeckt am n\u00e4chsten Tag den Schriftzug \u201eIch denke, also bin ich\u201c auf ihrem PC. Das irritiert nat\u00fcrlich und dr\u00e4ngt Gedanken \u00fcber Angst und Fantasie, Realit\u00e4t und Bewusstsein auf.<\/p><p>Kann es Zufall sein, dass in ihrer Lieblingsserie \u201eStar Trek\u201c der Androide <a href=\"http:\/\/2018.ureda.de\/?page_id=700\">Data<\/a> angst\u00e4hnliche Reaktionen zeigt, was eigentlich unm\u00f6glich ist? Mit ihrer Schwester Elena (13), die schwer erkrankt war und gerade aus einer Kur zur\u00fcck ist, diskutiert Iris, was einen perfekten Roboter vom Menschen unterscheidet.<\/p><p>Auf der Suche nach Informationen im Internet sto\u00dfen die Schwestern auf einen geheimnisvollen <a href=\"http:\/\/2018.ureda.de\/?page_id=1919\">Heureka<\/a>, der sie zu einem <a href=\"http:\/\/2018.ureda.de\/?page_id=481\">vermeintlichen Computerspiel<\/a> verlockt und animiert <a href=\"http:\/\/2018.ureda.de\/?page_id=1953\">\u201eSofies Welt\u201c<\/a> zu lesen. Bei der Lekt\u00fcre entdecken die M\u00e4dchen erstaunliche Parallelen zu sich selbst.<\/p><p>Am Computer werden sie in mysteri\u00f6se Gespr\u00e4che \u00fcber Raum und Zeit gezogen und in die virtuelle Welt Ureda mit ihren \u201eSpiegelschwestern\u201c versetzt. Erleben sie den 15. Juni &#8211; in \u201eSofies Welt\u201c das Datum von Hildes Geburtstag &#8211; dreifach?<\/p><p>Nat\u00fcrlich wollen sie herausfinden, wer Heureka ist, der verbl\u00fcffend viel von ihnen weis. Dabei verlieren sich immer mehr im Spiel von Realit\u00e4t und Virtualit\u00e4t.<\/p><p>Neben den Themen Fantasie, Realit\u00e4t und Bewusstsein, werden mythisches und rationales Denken, sowie Geist, Seele und Wahrnehmung thematisiert und durchlebt.<\/p><p>Hier geht es zur \u00dcbersicht \u00fcber die (nicht zuf\u00e4lliger Weise) 15 Kapitel:<\/p>\t\t\t\t\t\t<\/div>\n\t\t\t\t<\/div>\n\t\t\t\t<div class=\"elementor-element elementor-element-b80367e elementor-widget elementor-widget-button\" data-id=\"b80367e\" data-element_type=\"widget\" data-widget_type=\"button.default\">\n\t\t\t\t<div class=\"elementor-widget-container\">\n\t\t\t\t\t<div class=\"elementor-button-wrapper\">\n\t\t\t<a class=\"elementor-button elementor-button-link elementor-size-sm\" href=\"http:\/\/2018.ureda.de\/?page_id=1628\">\n\t\t\t\t\t\t<span class=\"elementor-button-content-wrapper\">\n\t\t\t\t\t\t<span class=\"elementor-button-text\">Kapitel mit Ausz\u00fcgen<\/span>\n\t\t<\/span>\n\t\t\t\t\t<\/a>\n\t\t<\/div>\n\t\t\t\t<\/div>\n\t\t\t\t<\/div>\n\t\t\t\t\t<\/div>\n\t\t<\/div>\n\t\t\t\t\t\t\t<\/div>\n\t\t<\/section>\n\t\t\t\t\t\t\t<\/div>\n\t\t","protected":false},"excerpt":{"rendered":"<p>Iris (15) erwacht aus einem Albtraum, h\u00f6rt sp\u00e4ter auf dem Player eine Stimme, die \u201ebewusst sein\u201c sagt, und entdeckt am n\u00e4chsten Tag den Schriftzug \u201eIch denke, also bin ich\u201c auf ihrem PC. Das irritiert nat\u00fcrlich und dr\u00e4ngt Gedanken \u00fcber Angst und Fantasie, Realit\u00e4t und Bewusstsein auf. Kann es Zufall sein, dass in ihrer Lieblingsserie \u201eStar [&hellip;]<\/p>\n","protected":false},"author":1,"featured_media":0,"parent":1230,"menu_order":0,"comment_status":"closed","ping_status":"closed","template":"","meta":{"footnotes":""},"class_list":["post-1593","page","type-page","status-publish","hentry"],"_links":{"self":[{"href":"https:\/\/www.ureda.de\/index.php?rest_route=\/wp\/v2\/pages\/1593"}],"collection":[{"href":"https:\/\/www.ureda.de\/index.php?rest_route=\/wp\/v2\/pages"}],"about":[{"href":"https:\/\/www.ureda.de\/index.php?rest_route=\/wp\/v2\/types\/page"}],"author":[{"embeddable":true,"href":"https:\/\/www.ureda.de\/index.php?rest_route=\/wp\/v2\/users\/1"}],"replies":[{"embeddable":true,"href":"https:\/\/www.ureda.de\/index.php?rest_route=%2Fwp%2Fv2%2Fcomments&post=1593"}],"version-history":[{"count":18,"href":"https:\/\/www.ureda.de\/index.php?rest_route=\/wp\/v2\/pages\/1593\/revisions"}],"predecessor-version":[{"id":4969,"href":"https:\/\/www.ureda.de\/index.php?rest_route=\/wp\/v2\/pages\/1593\/revisions\/4969"}],"up":[{"embeddable":true,"href":"https:\/\/www.ureda.de\/index.php?rest_route=\/wp\/v2\/pages\/1230"}],"wp:attachment":[{"href":"https:\/\/www.ureda.de\/index.php?rest_route=%2Fwp%2Fv2%2Fmedia&parent=1593"}],"curies":[{"name":"wp","href":"https:\/\/api.w.org\/{rel}","templated":true}]}}