{"id":17,"date":"2018-01-15T11:15:20","date_gmt":"2018-01-15T10:15:20","guid":{"rendered":"http:\/\/2018.ureda.de\/?page_id=17"},"modified":"2019-01-01T13:56:43","modified_gmt":"2019-01-01T12:56:43","slug":"eg-empfang","status":"publish","type":"page","link":"https:\/\/www.ureda.de\/","title":{"rendered":"Ureda"},"content":{"rendered":"<p><img loading=\"lazy\" decoding=\"async\" class=\"wp-image-657 alignnone\" src=\"http:\/\/2018.ureda.de\/wp-content\/uploads\/2018\/08\/ureda-portal-neu-1-300x104.jpg\" alt=\"\" width=\"1010\" height=\"350\" srcset=\"https:\/\/www.ureda.de\/wp-content\/uploads\/2018\/08\/ureda-portal-neu-1-300x104.jpg 300w, https:\/\/www.ureda.de\/wp-content\/uploads\/2018\/08\/ureda-portal-neu-1-768x267.jpg 768w, https:\/\/www.ureda.de\/wp-content\/uploads\/2018\/08\/ureda-portal-neu-1-1024x356.jpg 1024w, https:\/\/www.ureda.de\/wp-content\/uploads\/2018\/08\/ureda-portal-neu-1.jpg 1062w\" sizes=\"(max-width: 1010px) 100vw, 1010px\" \/>Ureda ist die virtuelle Welt, in die Iris und Elena durch einen Internet-Kontakt eindringen. Sie entdecken dadurch die reale Welt und sich selbst neu.<\/p>\n<p>Entdecken auch Sie <a href=\"http:\/\/2018.ureda.de\/?page_id=1712\"><strong>Sofies Spiegelwelt<\/strong><\/a> durch Anklicken der R\u00e4ume in den Grundrissen und durch Klicks auf die Gegenst\u00e4nde in den R\u00e4umen.<\/p>\n","protected":false},"excerpt":{"rendered":"<p>Ureda ist die virtuelle Welt, in die Iris und Elena durch einen Internet-Kontakt eindringen. Sie entdecken dadurch die reale Welt und sich selbst neu. Entdecken auch Sie Sofies Spiegelwelt durch Anklicken der R\u00e4ume in den Grundrissen und durch Klicks auf die Gegenst\u00e4nde in den R\u00e4umen.<\/p>\n","protected":false},"author":1,"featured_media":0,"parent":0,"menu_order":1,"comment_status":"closed","ping_status":"closed","template":"","meta":{"footnotes":""},"class_list":["post-17","page","type-page","status-publish","hentry"],"_links":{"self":[{"href":"https:\/\/www.ureda.de\/index.php?rest_route=\/wp\/v2\/pages\/17"}],"collection":[{"href":"https:\/\/www.ureda.de\/index.php?rest_route=\/wp\/v2\/pages"}],"about":[{"href":"https:\/\/www.ureda.de\/index.php?rest_route=\/wp\/v2\/types\/page"}],"author":[{"embeddable":true,"href":"https:\/\/www.ureda.de\/index.php?rest_route=\/wp\/v2\/users\/1"}],"replies":[{"embeddable":true,"href":"https:\/\/www.ureda.de\/index.php?rest_route=%2Fwp%2Fv2%2Fcomments&post=17"}],"version-history":[{"count":53,"href":"https:\/\/www.ureda.de\/index.php?rest_route=\/wp\/v2\/pages\/17\/revisions"}],"predecessor-version":[{"id":1718,"href":"https:\/\/www.ureda.de\/index.php?rest_route=\/wp\/v2\/pages\/17\/revisions\/1718"}],"wp:attachment":[{"href":"https:\/\/www.ureda.de\/index.php?rest_route=%2Fwp%2Fv2%2Fmedia&parent=17"}],"curies":[{"name":"wp","href":"https:\/\/api.w.org\/{rel}","templated":true}]}}