{"id":1712,"date":"2019-01-01T13:49:11","date_gmt":"2019-01-01T12:49:11","guid":{"rendered":"http:\/\/2018.ureda.de\/?page_id=1712"},"modified":"2019-07-31T13:04:47","modified_gmt":"2019-07-31T11:04:47","slug":"sofies-spiegelwelt","status":"publish","type":"page","link":"https:\/\/www.ureda.de\/?page_id=1712","title":{"rendered":"Sofies Spiegelwelt"},"content":{"rendered":"\n<p>ist inspiriert von Jostein Gaarders <a href=\"https:\/\/www.ureda.de\/?page_id=1953\">\u201eSofies Welt\u201c<\/a>:  In den Erlebnissen der Schwestern Iris und Elena &#8211; die Grenzen \u00fcberscheiten und Welten verbinden &#8211; werden Bez\u00fcge hergestellt, Handlungsf\u00e4den verwoben und Motive gespiegelt. <\/p>\n\n\n\n<p>Philosophie wird jedoch nicht geschichtlich nacherz\u00e4hlt, vielmehr erlebt, vielf\u00e4ltig verkn\u00fcpft und im Hinblick auf die Herausforderungen der Gegenwart entwickelt.<\/p>\n\n\n\n<p>Eine Entwicklung &#8211; die Wende aus der Kindheit &#8211; durchleben auch die Schwestern Iris (15) und Elena (13) durch ein vermeintliches Computerspiel, das sie in Kontakt zu ihren virtuellen Spiegelschwestern bringt. Diese sind die letzten Sch\u00fclerinnen der Philosophieschule Ureda. Sie finden dort Sofies Zwinkerspiegel, ein Duplikat der Majorsh\u00fctte und darin ein Manuskript, mit ihnen selbst als Hauptfiguren. <\/p>\n\n\n\n<p>Die Schwesternpaare wollen hinter die Kulissen ihrer Existenz blicken, was \u2013 soweit dies m\u00f6glich ist &#8211; gelingt: Ganz praktisch in der Handlung und im \u00fcbertragenen Sinne; also dem Gewinn von Erkenntnis. <\/p>\n\n\n\n<p>Dies geschieht durch ihre Erlebnisse und die Gespr\u00e4che mit ihrem Lehrer, in denen spontane, spitzz\u00fcngige, mitunter provozierende Jugendsprache auf die eher dozierende, jedoch auch augenzwinkernd und bildhaft erkl\u00e4rende des alten Meisters trifft. <\/p>\n\n\n\n<p>Im Hin und Her der Spiegelungen geht es um Raum und Zeit, Materie und Geist, Zufall und Notwendigkeit, Glauben und Wissen, Realit\u00e4t und Fantasie, Sein und Bewusstsein, K\u00f6nnen und Verantworten. <\/p>\n\n\n\n<p>Letztlich wird auf abenteuerlichen und unterhaltsamen Wegen\neine zukunftsf\u00e4hige, ganzheitliche Weltsicht entdeckt.<\/p>\n\n\n\n<p>Infos zum <a href=\"https:\/\/tredition.de\/autoren\/karl-josef-durwen-27849\/sofies-spiegelwelt-paperback-118287\/\">Buch<\/a> befinden sich im <a href=\"http:\/\/2018.ureda.de\/?page_id=19\">Speisesaal<\/a>, inhaltliche Bez\u00fcge in allen rechts anklickbaren R\u00e4umen.<\/p>\n\n\n\n<p><\/p>\n","protected":false},"excerpt":{"rendered":"<p>ist inspiriert von Jostein Gaarders \u201eSofies Welt\u201c: In den Erlebnissen der Schwestern Iris und Elena &#8211; die Grenzen \u00fcberscheiten und Welten verbinden &#8211; werden Bez\u00fcge hergestellt, Handlungsf\u00e4den verwoben und Motive gespiegelt. Philosophie wird jedoch nicht geschichtlich nacherz\u00e4hlt, vielmehr erlebt, vielf\u00e4ltig verkn\u00fcpft und im Hinblick auf die Herausforderungen der Gegenwart entwickelt. Eine Entwicklung &#8211; die Wende [&hellip;]<\/p>\n","protected":false},"author":1,"featured_media":0,"parent":17,"menu_order":0,"comment_status":"closed","ping_status":"closed","template":"","meta":{"footnotes":""},"class_list":["post-1712","page","type-page","status-publish","hentry"],"_links":{"self":[{"href":"https:\/\/www.ureda.de\/index.php?rest_route=\/wp\/v2\/pages\/1712"}],"collection":[{"href":"https:\/\/www.ureda.de\/index.php?rest_route=\/wp\/v2\/pages"}],"about":[{"href":"https:\/\/www.ureda.de\/index.php?rest_route=\/wp\/v2\/types\/page"}],"author":[{"embeddable":true,"href":"https:\/\/www.ureda.de\/index.php?rest_route=\/wp\/v2\/users\/1"}],"replies":[{"embeddable":true,"href":"https:\/\/www.ureda.de\/index.php?rest_route=%2Fwp%2Fv2%2Fcomments&post=1712"}],"version-history":[{"count":18,"href":"https:\/\/www.ureda.de\/index.php?rest_route=\/wp\/v2\/pages\/1712\/revisions"}],"predecessor-version":[{"id":4787,"href":"https:\/\/www.ureda.de\/index.php?rest_route=\/wp\/v2\/pages\/1712\/revisions\/4787"}],"up":[{"embeddable":true,"href":"https:\/\/www.ureda.de\/index.php?rest_route=\/wp\/v2\/pages\/17"}],"wp:attachment":[{"href":"https:\/\/www.ureda.de\/index.php?rest_route=%2Fwp%2Fv2%2Fmedia&parent=1712"}],"curies":[{"name":"wp","href":"https:\/\/api.w.org\/{rel}","templated":true}]}}