{"id":1747,"date":"2019-01-07T16:36:46","date_gmt":"2019-01-07T15:36:46","guid":{"rendered":"http:\/\/2018.ureda.de\/?page_id=1747"},"modified":"2019-01-15T10:50:46","modified_gmt":"2019-01-15T09:50:46","slug":"heurekas-erste-mail","status":"publish","type":"page","link":"https:\/\/www.ureda.de\/?page_id=1747","title":{"rendered":"Heurekas erste Mail"},"content":{"rendered":"\n<p><em>Hallo, ihr beiden!<\/em><\/p>\n\n\n\n<p><em>Herzlich danke ich f\u00fcr eure Anfrage, denn ich habe so viele Antworten vorr\u00e4tig, dass mich jede Frage gl\u00fccklich macht. Es wird nicht schwer sein, das Passende im Lager zu finden. Da gibt es ganz andere F\u00e4lle, sage ich euch: Ich habe Antworten, die sind schon seit Jahrzehnten ohne Nachfrage. Etwa die zum M\u00f6glichkeitsraum. Keiner will sie haben, keine Frage pas<\/em>st.<\/p>\n\n\n\n<p>Iris murmelte entt\u00e4uscht: \u00bbEin Spinner. H\u00e4tte man sich denken k\u00f6nnen.\u00ab\nDennoch las sie weiter:<\/p>\n\n\n\n<p><em>Aber kommen wir zu eurem Problem, das \u00fcbrigens auch das von Data ist, der erst neulich bei mir nachfragte.<\/em><\/p>\n\n\n\n<p>\u00bbDer will uns nur verschei\u00dfern!\u00ab, entr\u00fcstete sich Iris und kn\u00fcllte\nw\u00fctend das Papier. Doch bald strich sie das Blatt wieder glatt.<\/p>\n\n\n\n<p><em>Zweifellos sind eure Fragen wichtig. Wer so fragt, der ist &#8211; bitte erschreckt nicht! &#8211; ein Philosoph (oder eine Philosophin, wenn ihr nicht selbstsicher genug seid, um m\u00e4nnliche Bezeichnungen f\u00fcr Charaktere, Berufe u.a. hinzunehmen, ohne euch zur\u00fcckgesetzt zu f\u00fchlen). Philosophen sind n\u00e4mlich Leute, die suchen, fragen und wie Kinder staunen k\u00f6nnen<\/em>.<\/p>\n\n\n\n<p><em>Wie gesagt, an Antworten mangelt es nicht. Um sie zu finden, muss man jedoch manchen Irrweg gehen, R\u00e4tsel l\u00f6sen und sich auf \u00dcberraschungen gefasst machen. So wie du, Iris, bei deinen Abenteuer-Spielen auf dem Computer.<\/em><\/p>\n\n\n\n<p>Wie kann dieser Typ wissen, dass sie solche Games mitunter n\u00e4chtelang\nspielt? Da ist doch etwas oberfaul! Oder &#8230; ja, vermutlich ging der Schreiber\neinfach davon aus, dass nahezu alle in ihrem Alter gamen, und nutzt den\nbilligen Trick, um sich als eine Art Magier darzustellen.<\/p>\n\n\n\n<p><em>Spielen mit Hindernissen, Fallgruben und zun\u00e4chst unwichtig erscheinenden Fundst\u00fccken, die man sp\u00e4ter unbedingt braucht, um weiterzukommen. Gerne will ich mit euch ein solches Abenteuer beginnen. Habt ihr Lust? <\/em><\/p>\n\n\n\n<p><em>Ihr k\u00f6nnt mich im Chat erreichen.<\/em><\/p>\n\n\n\n<p><em>LG  Heureka<\/em><\/p>\n","protected":false},"excerpt":{"rendered":"<p>Hallo, ihr beiden! Herzlich danke ich f\u00fcr eure Anfrage, denn ich habe so viele Antworten vorr\u00e4tig, dass mich jede Frage gl\u00fccklich macht. Es wird nicht schwer sein, das Passende im Lager zu finden. Da gibt es ganz andere F\u00e4lle, sage ich euch: Ich habe Antworten, die sind schon seit Jahrzehnten ohne Nachfrage. Etwa die zum [&hellip;]<\/p>\n","protected":false},"author":1,"featured_media":0,"parent":1919,"menu_order":0,"comment_status":"closed","ping_status":"closed","template":"","meta":{"footnotes":""},"class_list":["post-1747","page","type-page","status-publish","hentry"],"_links":{"self":[{"href":"https:\/\/www.ureda.de\/index.php?rest_route=\/wp\/v2\/pages\/1747"}],"collection":[{"href":"https:\/\/www.ureda.de\/index.php?rest_route=\/wp\/v2\/pages"}],"about":[{"href":"https:\/\/www.ureda.de\/index.php?rest_route=\/wp\/v2\/types\/page"}],"author":[{"embeddable":true,"href":"https:\/\/www.ureda.de\/index.php?rest_route=\/wp\/v2\/users\/1"}],"replies":[{"embeddable":true,"href":"https:\/\/www.ureda.de\/index.php?rest_route=%2Fwp%2Fv2%2Fcomments&post=1747"}],"version-history":[{"count":3,"href":"https:\/\/www.ureda.de\/index.php?rest_route=\/wp\/v2\/pages\/1747\/revisions"}],"predecessor-version":[{"id":1775,"href":"https:\/\/www.ureda.de\/index.php?rest_route=\/wp\/v2\/pages\/1747\/revisions\/1775"}],"up":[{"embeddable":true,"href":"https:\/\/www.ureda.de\/index.php?rest_route=\/wp\/v2\/pages\/1919"}],"wp:attachment":[{"href":"https:\/\/www.ureda.de\/index.php?rest_route=%2Fwp%2Fv2%2Fmedia&parent=1747"}],"curies":[{"name":"wp","href":"https:\/\/api.w.org\/{rel}","templated":true}]}}