{"id":2012,"date":"2019-01-15T11:15:24","date_gmt":"2019-01-15T10:15:24","guid":{"rendered":"http:\/\/2018.ureda.de\/?page_id=2012"},"modified":"2019-03-30T13:41:15","modified_gmt":"2019-03-30T12:41:15","slug":"hinter-dem-bild","status":"publish","type":"page","link":"https:\/\/www.ureda.de\/?page_id=2012","title":{"rendered":"Hinter dem Bild"},"content":{"rendered":"\n<p>&#8230; verbirgt sich der Autor des Romans und der Webseite, so wie sich jedes Wesen &#8222;an sich&#8220; hinter den Bildern verbirgt, das wir uns von ihm machen.<\/p>\n\n\n\n<p>Er ist alt und wei\u00dfhaarig wie <a href=\"http:\/\/2018.ureda.de\/?page_id=2008\">Wendur<\/a>,  tr\u00e4gt dessen Name als ausgetauschte Silben, war wie dieser Lehrer (an  einer Hochschule, die nat\u00fcrlich nicht im Meer der Vergessenheit liegt)  und hat zwei T\u00f6chter, die auch einmal 13 und 15 und Fans von Star Trek  waren, weniger von Sophie. Insofern kann man in <a href=\"http:\/\/2018.ureda.de\/?page_id=1712\">Sofies Spiegelwelt<\/a> gewiss kein Spiegelbild der Realit\u00e4t sehen.<\/p>\n","protected":false},"excerpt":{"rendered":"<p>&#8230; verbirgt sich der Autor des Romans und der Webseite, so wie sich jedes Wesen &#8222;an sich&#8220; hinter den Bildern verbirgt, das wir uns von ihm machen. Er ist alt und wei\u00dfhaarig wie Wendur, tr\u00e4gt dessen Name als ausgetauschte Silben, war wie dieser Lehrer (an einer Hochschule, die nat\u00fcrlich nicht im Meer der Vergessenheit liegt) [&hellip;]<\/p>\n","protected":false},"author":1,"featured_media":0,"parent":57,"menu_order":0,"comment_status":"closed","ping_status":"closed","template":"","meta":{"footnotes":""},"class_list":["post-2012","page","type-page","status-publish","hentry"],"_links":{"self":[{"href":"https:\/\/www.ureda.de\/index.php?rest_route=\/wp\/v2\/pages\/2012"}],"collection":[{"href":"https:\/\/www.ureda.de\/index.php?rest_route=\/wp\/v2\/pages"}],"about":[{"href":"https:\/\/www.ureda.de\/index.php?rest_route=\/wp\/v2\/types\/page"}],"author":[{"embeddable":true,"href":"https:\/\/www.ureda.de\/index.php?rest_route=\/wp\/v2\/users\/1"}],"replies":[{"embeddable":true,"href":"https:\/\/www.ureda.de\/index.php?rest_route=%2Fwp%2Fv2%2Fcomments&post=2012"}],"version-history":[{"count":6,"href":"https:\/\/www.ureda.de\/index.php?rest_route=\/wp\/v2\/pages\/2012\/revisions"}],"predecessor-version":[{"id":3809,"href":"https:\/\/www.ureda.de\/index.php?rest_route=\/wp\/v2\/pages\/2012\/revisions\/3809"}],"up":[{"embeddable":true,"href":"https:\/\/www.ureda.de\/index.php?rest_route=\/wp\/v2\/pages\/57"}],"wp:attachment":[{"href":"https:\/\/www.ureda.de\/index.php?rest_route=%2Fwp%2Fv2%2Fmedia&parent=2012"}],"curies":[{"name":"wp","href":"https:\/\/api.w.org\/{rel}","templated":true}]}}