{"id":2404,"date":"2019-01-24T09:12:00","date_gmt":"2019-01-24T08:12:00","guid":{"rendered":"http:\/\/2018.ureda.de\/?page_id=2404"},"modified":"2019-01-24T09:24:04","modified_gmt":"2019-01-24T08:24:04","slug":"auszug-aus-kapitel-chat-mit-data","status":"publish","type":"page","link":"https:\/\/www.ureda.de\/?page_id=2404","title":{"rendered":"Auszug aus Kapitel &#8222;Chat mit Data&#8220;"},"content":{"rendered":"\n<p>Iris griff zur Tastatur und\ntippte ein:<\/p>\n\n\n\n<p><strong>Wendur: <\/strong>Entschuldigung, musste nur mal dringend. Kommt bei Menschen vor.<\/p>\n\n\n\n<p>\u00bbSo, jetzt bin ich gespannt!\u00ab\nIris hoffte, dass der Chatpartner noch online war. Tats\u00e4chlich kam bald eine\nAntwort.<\/p>\n\n\n\n<p><strong>Data: <\/strong>Mir ist die Notwendigkeit der Ausleitung von R\u00fcckst\u00e4nden aus dem biologischen Stoffwechsel\u00a0 selbstverst\u00e4ndlich bekannt. Nach meinen Aufzeichnungen dauert es aber dann, wenn es dringend ist, \u00e4u\u00dferst selten so lange.<\/p>\n\n\n\n<p>Iris musste trotz ihrer\nAnspannung lachen. Pl\u00f6tzlich entdeckte sie wieder Spielfreude, denn es war doch\ngeradezu sensationell, mit Data \u2013 oder einem, der ihn imitiert \u2013 im Dialog zu\nsein!<\/p>\n\n\n\n<p>Da Maschinenwesen keinen\nHumor besitzen, w\u00e4re es lustig zu testen, ob der Pseudodata seine Rolle wirklich beherrscht:<\/p>\n\n\n\n<p><strong>Wendur: <\/strong>Ach \u00fcbrigens, du magst doch Shakespeare?<\/p>\n\n\n\n<p><strong>Data: <\/strong>Ich erkenne zwar kein Motiv f\u00fcr diesen Gedankensprung, doch sch\u00e4tze ich dessen Kunst sehr.<\/p>\n\n\n\n<p><strong>Wendur: <\/strong>Dann wei\u00dft du sicher auch, dass einmal einer seiner Verehrer mit allen Werken zu ihm in die Vergangenheit reiste, um sie signieren zu lassen. Der M\u00f6chtegernpoet nutzte die Chance und schrieb die St\u00fccke einfach ab.<\/p>\n\n\n\n<p><strong>Data: <\/strong>Ich muss gestehen, dass diese Information nicht in meinen Speichern abgelegt ist. Eine sehr interessante L\u00f6sung des R\u00e4tsels, das sich um die Person dieses gro\u00dfen Dichters rankt. Allerdings muss ich zu bedenken geben, dass derartige Reisen, die theoretisch durch Zeitanomalien im Subraum m\u00f6glich sind, bei Eingriffen in die Geschichte eines selbstkonsistenten Universums zu Kausalit\u00e4tsverletzungen f\u00fchren.<\/p>\n\n\n\n<p>\u00bbRespekt\u00ab, kommentierte Iris\nmit einem Blick zu ihrer Schwester: \u00bbEr ist mir nicht auf den Leim gegangen.\u00ab\nDann versuchte sie es mit:<\/p>\n\n\n\n<p><strong>Wendur:<\/strong> Hast du eigentlich einen Lieblingswitz?<\/p>\n\n\n\n<p><strong>Data: <\/strong>Ich stelle fest, dass du heute ungew\u00f6hnliche und sehr pers\u00f6nliche Fragen stellst. Richtig ist, dass ich mir eine umfangreiche Sammlung mit Witzen aus der ganzen Galaxis angelegt habe. Beliebt ist der folgende, bei dem selbst Lt. Worf das Gesicht zu einer Art Schmunzeln verzog:<\/p>\n\n\n\n<p>Treffen sich zwei Planeten.\nDer eine sieht f\u00fcrchterlich aus. Der andere fragt: Bist du krank? Was hast du\ndenn? Der Leidende antwortet: Homo\nsapiens. Da tr\u00f6stet ihn der Kollege: Ach,\ndas ist nicht schlimm. Hatte ich auch schon. Geht schnell vorbei.<\/p>\n","protected":false},"excerpt":{"rendered":"<p>Iris griff zur Tastatur und tippte ein: Wendur: Entschuldigung, musste nur mal dringend. Kommt bei Menschen vor. \u00bbSo, jetzt bin ich gespannt!\u00ab Iris hoffte, dass der Chatpartner noch online war. Tats\u00e4chlich kam bald eine Antwort. Data: Mir ist die Notwendigkeit der Ausleitung von R\u00fcckst\u00e4nden aus dem biologischen Stoffwechsel\u00a0 selbstverst\u00e4ndlich bekannt. Nach meinen Aufzeichnungen dauert es [&hellip;]<\/p>\n","protected":false},"author":1,"featured_media":0,"parent":2330,"menu_order":0,"comment_status":"closed","ping_status":"closed","template":"","meta":{"footnotes":""},"class_list":["post-2404","page","type-page","status-publish","hentry"],"_links":{"self":[{"href":"https:\/\/www.ureda.de\/index.php?rest_route=\/wp\/v2\/pages\/2404"}],"collection":[{"href":"https:\/\/www.ureda.de\/index.php?rest_route=\/wp\/v2\/pages"}],"about":[{"href":"https:\/\/www.ureda.de\/index.php?rest_route=\/wp\/v2\/types\/page"}],"author":[{"embeddable":true,"href":"https:\/\/www.ureda.de\/index.php?rest_route=\/wp\/v2\/users\/1"}],"replies":[{"embeddable":true,"href":"https:\/\/www.ureda.de\/index.php?rest_route=%2Fwp%2Fv2%2Fcomments&post=2404"}],"version-history":[{"count":2,"href":"https:\/\/www.ureda.de\/index.php?rest_route=\/wp\/v2\/pages\/2404\/revisions"}],"predecessor-version":[{"id":2407,"href":"https:\/\/www.ureda.de\/index.php?rest_route=\/wp\/v2\/pages\/2404\/revisions\/2407"}],"up":[{"embeddable":true,"href":"https:\/\/www.ureda.de\/index.php?rest_route=\/wp\/v2\/pages\/2330"}],"wp:attachment":[{"href":"https:\/\/www.ureda.de\/index.php?rest_route=%2Fwp%2Fv2%2Fmedia&parent=2404"}],"curies":[{"name":"wp","href":"https:\/\/api.w.org\/{rel}","templated":true}]}}