{"id":2451,"date":"2019-01-24T14:30:50","date_gmt":"2019-01-24T13:30:50","guid":{"rendered":"http:\/\/2018.ureda.de\/?page_id=2451"},"modified":"2023-08-06T07:12:46","modified_gmt":"2023-08-06T05:12:46","slug":"uri-der-schillerfalter","status":"publish","type":"page","link":"https:\/\/www.ureda.de\/?page_id=2451","title":{"rendered":"Uri, der Schillerfalter"},"content":{"rendered":"\n<p>&#8230; torkelt gelegentlich durch <a href=\"http:\/\/2018.ureda.de\/?page_id=1712\">&#8222;Sofies Spiegelwelt&#8220;<\/a>: Als Mitwirkender bei der <a href=\"http:\/\/2018.ureda.de\/?page_id=2458\">Erfindung der Zukunft<\/a> sowie der Beweisf\u00fchrung f\u00fcr <a href=\"http:\/\/2018.ureda.de\/?page_id=2465\">eigenes Denken.<\/a> Weiterhin als Mittler zwischen den Welten und als Symbol f\u00fcr die ausl\u00f6sende Macht winziger Kr\u00e4fte (<a href=\"http:\/\/2018.ureda.de\/?page_id=2767\">Chaostheorie<\/a>) , <a href=\"http:\/\/2018.ureda.de\/?page_id=2475\">ganzheitliches Denken<\/a> und f\u00fcr das der<a href=\"http:\/\/2018.ureda.de\/?page_id=21\"> Wandlung<\/a> von der &#8222;h\u00e4\u00dflichen&#8220; Raupe zum bewunderten Schmetterling.<\/p>\n\n\n\n<p>Das sind eher unbedeutende Rollen. Doch Uri ist ein Star! N\u00e4mlich des Seh-, Klick- und H\u00f6rbuches* &#8222;<a href=\"https:\/\/www.ureda.de\/?page_id=4614\">Uri durch den Spiegel<\/a>&#8222;, das eine humorvolle und spannende Einf\u00fchrung in \u00d6kologie und Philosophie f\u00fcr Kinder ist. <\/p>\n\n\n\n<p>Ihm gelingt die Grenz\u00fcberschreitung (nicht nur von Ureda in unsere Welt). Darauf wird er &#8211; nichts ahnend &#8211; vorbereitet von der Eule Wendula (die immer von oben herab doziert und Platons Methode der Ableitung aus h\u00f6chsten Ideen vertritt) und Kassiopeia, der Schildkr\u00f6te (die sich auf dem Boden bleibend langsam ann\u00e4hert, also f\u00fcr die Methode der Herleitung des Aristoteles steht).<\/p>\n\n\n\n<p>Als anfangs naiver, letztlich gewitzter Held, der sich mal voller Stolz als Philosoph aufschwingt, dann wieder zitternd abst\u00fcrzt, k\u00e4mpft er mit Fremdw\u00f6rtern, dem eigenen Mut und letztlich gegen die Bedrohung seiner Welt. <\/p>\n\n\n\n<p>Wie die Kinder stellt Uri Fragen\nnach dem, was Leben ist, warum man denken kann, wie der Geist unsere K\u00f6rper zu\nsteuern vermag. Er erlebt Gleichnisse der Philosophie, wie das von Platons\nH\u00f6hle, und die Welt der Unbestimmtheit von Raum und Zeit mit \u201eSchr\u00f6dingers\nKatze\u201c, die gleichzeitig in zwei Welten lebt und ihm in die seine zur\u00fcck hilft.<\/p>\n\n\n\n<p>Uri h\u00e4lt auch uns einen Spiegel vor, um die Wurzeln der Naturzerst\u00f6rung\nzu erkennen, deren wichtigste ist, dass wir nicht in (\u00f6kologischen)\nZusammenh\u00e4ngen, vielmehr trennend denken. Letztlich rettet der kleine Held als\nweltenverbindender Bote, der uns mehr zu sagen hat, als er selbst wei\u00df, mit\nFantasie und Witz seine virtuelle Welt Ureda \u2013 und vielleicht auch ein St\u00fcck\nunserer scheinbar realen, die ja auch vom Fl\u00fcgelschlag eines Schmetterlings\nver\u00e4ndert werden kann. <\/p>\n\n\n\n<p><a href=\"https:\/\/www.ureda.de\/?page_id=4614\">* Sehbuch, weil es von Simone Neveling illustriert ist, H\u00f6rbuch, da es von Peter Kr\u00fcger vertont ist, Klickbuch, weil in die Fassung als E-Book rund 100 Links mit kindgerechten Erkl\u00e4rungen eingelagert sind<\/a>. <\/p>\n\n\n\n<p><a href=\"https:\/\/www.youtube.com\/embed\/7AiWaUyqS-o?enablejsapi=1&amp;autoplay=1&amp;start=0&amp;rel=0&amp;origin=http:\/\/2018.ureda.de\">Hier eine Demo<\/a><br><strong><a rel=\"noreferrer noopener\" href=\"https:\/\/www.ureda.de\/?page_id=5074\" target=\"_blank\">AKTION: K<\/a><a rel=\"noreferrer noopener\" href=\"https:\/\/ureda.de\/Uri%20durch%20den%20Spiegel%20-%20Download.7z\" target=\"_blank\">ostenloser H\u00f6rbuch-Download<\/a><\/strong><\/p>\n","protected":false},"excerpt":{"rendered":"<p>&#8230; torkelt gelegentlich durch &#8222;Sofies Spiegelwelt&#8220;: Als Mitwirkender bei der Erfindung der Zukunft sowie der Beweisf\u00fchrung f\u00fcr eigenes Denken. Weiterhin als Mittler zwischen den Welten und als Symbol f\u00fcr die ausl\u00f6sende Macht winziger Kr\u00e4fte (Chaostheorie) , ganzheitliches Denken und f\u00fcr das der Wandlung von der &#8222;h\u00e4\u00dflichen&#8220; Raupe zum bewunderten Schmetterling. Das sind eher unbedeutende Rollen. [&hellip;]<\/p>\n","protected":false},"author":1,"featured_media":0,"parent":2338,"menu_order":0,"comment_status":"closed","ping_status":"closed","template":"","meta":{"footnotes":""},"class_list":["post-2451","page","type-page","status-publish","hentry"],"_links":{"self":[{"href":"https:\/\/www.ureda.de\/index.php?rest_route=\/wp\/v2\/pages\/2451"}],"collection":[{"href":"https:\/\/www.ureda.de\/index.php?rest_route=\/wp\/v2\/pages"}],"about":[{"href":"https:\/\/www.ureda.de\/index.php?rest_route=\/wp\/v2\/types\/page"}],"author":[{"embeddable":true,"href":"https:\/\/www.ureda.de\/index.php?rest_route=\/wp\/v2\/users\/1"}],"replies":[{"embeddable":true,"href":"https:\/\/www.ureda.de\/index.php?rest_route=%2Fwp%2Fv2%2Fcomments&post=2451"}],"version-history":[{"count":34,"href":"https:\/\/www.ureda.de\/index.php?rest_route=\/wp\/v2\/pages\/2451\/revisions"}],"predecessor-version":[{"id":5145,"href":"https:\/\/www.ureda.de\/index.php?rest_route=\/wp\/v2\/pages\/2451\/revisions\/5145"}],"up":[{"embeddable":true,"href":"https:\/\/www.ureda.de\/index.php?rest_route=\/wp\/v2\/pages\/2338"}],"wp:attachment":[{"href":"https:\/\/www.ureda.de\/index.php?rest_route=%2Fwp%2Fv2%2Fmedia&parent=2451"}],"curies":[{"name":"wp","href":"https:\/\/api.w.org\/{rel}","templated":true}]}}