{"id":2731,"date":"2019-02-06T11:52:21","date_gmt":"2019-02-06T10:52:21","guid":{"rendered":"http:\/\/2018.ureda.de\/?page_id=2731"},"modified":"2019-02-06T11:54:25","modified_gmt":"2019-02-06T10:54:25","slug":"ausschnitt-aus-kapitel-auf-der-spur","status":"publish","type":"page","link":"https:\/\/www.ureda.de\/?page_id=2731","title":{"rendered":"Auszug aus Kapitel &#8222;Auf der Spur&#8220;"},"content":{"rendered":"\n<p>Iris war sauer. Hatte sich doch Elena zur\u00fcckgezogen, obwohl es ihr besser ging. Offensichtlich war sie Heureka ins Netz gegangen und diesem philosophischen Bl\u00f6dsinn verfallen. <\/p>\n\n\n\n<p>Zum Gl\u00fcck hatte wenigstens sie noch ihre sieben Sinne beisammen. Vor allem den letzten, den kriminalistischen. <\/p>\n\n\n\n<p>Nicht, dass sie Heureka f\u00fcr einen Verbrecher, Kindersch\u00e4nder oder auch nur Scharlatan hielt &#8211; dagegen sprachen Inhalt und Form der Computererlebnisse -, aber ein Verf\u00fchrer war er allemal. <\/p>\n\n\n\n<p>Doch sie will sich nicht manipulieren lassen, will hinter die Fassade sehen, die Realit\u00e4t erkennen.<\/p>\n","protected":false},"excerpt":{"rendered":"<p>Iris war sauer. Hatte sich doch Elena zur\u00fcckgezogen, obwohl es ihr besser ging. Offensichtlich war sie Heureka ins Netz gegangen und diesem philosophischen Bl\u00f6dsinn verfallen. Zum Gl\u00fcck hatte wenigstens sie noch ihre sieben Sinne beisammen. Vor allem den letzten, den kriminalistischen. Nicht, dass sie Heureka f\u00fcr einen Verbrecher, Kindersch\u00e4nder oder auch nur Scharlatan hielt &#8211; [&hellip;]<\/p>\n","protected":false},"author":1,"featured_media":0,"parent":2330,"menu_order":0,"comment_status":"closed","ping_status":"closed","template":"","meta":{"footnotes":""},"class_list":["post-2731","page","type-page","status-publish","hentry"],"_links":{"self":[{"href":"https:\/\/www.ureda.de\/index.php?rest_route=\/wp\/v2\/pages\/2731"}],"collection":[{"href":"https:\/\/www.ureda.de\/index.php?rest_route=\/wp\/v2\/pages"}],"about":[{"href":"https:\/\/www.ureda.de\/index.php?rest_route=\/wp\/v2\/types\/page"}],"author":[{"embeddable":true,"href":"https:\/\/www.ureda.de\/index.php?rest_route=\/wp\/v2\/users\/1"}],"replies":[{"embeddable":true,"href":"https:\/\/www.ureda.de\/index.php?rest_route=%2Fwp%2Fv2%2Fcomments&post=2731"}],"version-history":[{"count":2,"href":"https:\/\/www.ureda.de\/index.php?rest_route=\/wp\/v2\/pages\/2731\/revisions"}],"predecessor-version":[{"id":2734,"href":"https:\/\/www.ureda.de\/index.php?rest_route=\/wp\/v2\/pages\/2731\/revisions\/2734"}],"up":[{"embeddable":true,"href":"https:\/\/www.ureda.de\/index.php?rest_route=\/wp\/v2\/pages\/2330"}],"wp:attachment":[{"href":"https:\/\/www.ureda.de\/index.php?rest_route=%2Fwp%2Fv2%2Fmedia&parent=2731"}],"curies":[{"name":"wp","href":"https:\/\/api.w.org\/{rel}","templated":true}]}}