{"id":4244,"date":"2019-05-14T13:09:52","date_gmt":"2019-05-14T11:09:52","guid":{"rendered":"https:\/\/www.ureda.de\/?page_id=4244"},"modified":"2019-05-14T13:29:19","modified_gmt":"2019-05-14T11:29:19","slug":"welt-ohne-zeit-und-gegensaetze","status":"publish","type":"page","link":"https:\/\/www.ureda.de\/?page_id=4244","title":{"rendered":"Welt ohne Zeit und Gegens\u00e4tze"},"content":{"rendered":"\n<div id=\"image-map-pro-6430\"><\/div>\n\n\n\n<p>.<\/p>\n\n\n\n<p>Die M\u00e4dchen fragen, wie man sich willentlich am Kopf kratzen kann, wenn angeblich die Natur gesetzm\u00e4\u00dfig funktioniert, der Geist jedoch \u00fcbernat\u00fcrlich und ohne physische Kr\u00e4fte ist. <\/p>\n\n\n\n<p>Auf der Spurensuche f\u00fchrt sie der Lehrer ins Reich der Quanten. Mit einem Klick auf das Buch k\u00f6nnen wir ihnen folgen.  <\/p>\n","protected":false},"excerpt":{"rendered":"<p>. Die M\u00e4dchen fragen, wie man sich willentlich am Kopf kratzen kann, wenn angeblich die Natur gesetzm\u00e4\u00dfig funktioniert, der Geist jedoch \u00fcbernat\u00fcrlich und ohne physische Kr\u00e4fte ist. Auf der Spurensuche f\u00fchrt sie der Lehrer ins Reich der Quanten. Mit einem Klick auf das Buch k\u00f6nnen wir ihnen folgen.<\/p>\n","protected":false},"author":1,"featured_media":0,"parent":1033,"menu_order":0,"comment_status":"closed","ping_status":"closed","template":"","meta":{"footnotes":""},"class_list":["post-4244","page","type-page","status-publish","hentry"],"_links":{"self":[{"href":"https:\/\/www.ureda.de\/index.php?rest_route=\/wp\/v2\/pages\/4244"}],"collection":[{"href":"https:\/\/www.ureda.de\/index.php?rest_route=\/wp\/v2\/pages"}],"about":[{"href":"https:\/\/www.ureda.de\/index.php?rest_route=\/wp\/v2\/types\/page"}],"author":[{"embeddable":true,"href":"https:\/\/www.ureda.de\/index.php?rest_route=\/wp\/v2\/users\/1"}],"replies":[{"embeddable":true,"href":"https:\/\/www.ureda.de\/index.php?rest_route=%2Fwp%2Fv2%2Fcomments&post=4244"}],"version-history":[{"count":4,"href":"https:\/\/www.ureda.de\/index.php?rest_route=\/wp\/v2\/pages\/4244\/revisions"}],"predecessor-version":[{"id":4250,"href":"https:\/\/www.ureda.de\/index.php?rest_route=\/wp\/v2\/pages\/4244\/revisions\/4250"}],"up":[{"embeddable":true,"href":"https:\/\/www.ureda.de\/index.php?rest_route=\/wp\/v2\/pages\/1033"}],"wp:attachment":[{"href":"https:\/\/www.ureda.de\/index.php?rest_route=%2Fwp%2Fv2%2Fmedia&parent=4244"}],"curies":[{"name":"wp","href":"https:\/\/api.w.org\/{rel}","templated":true}]}}