{"id":4536,"date":"2019-06-03T14:44:16","date_gmt":"2019-06-03T12:44:16","guid":{"rendered":"https:\/\/www.ureda.de\/?page_id=4536"},"modified":"2019-07-19T08:11:08","modified_gmt":"2019-07-19T06:11:08","slug":"schillerfalter","status":"publish","type":"page","link":"https:\/\/www.ureda.de\/?page_id=4536","title":{"rendered":"Schillerfalter"},"content":{"rendered":"\n<p>Schillerfalter, wie unser Uri, hei\u00dfen so, weil das Blau ihrer Fl\u00fcgel je nach Blickwinkel und Lichteinfall mal auftaucht und mal verschwindet. Es schillert geheimnisvoll. <\/p>\n\n\n\n<p>Das Blau erinnert an einen Computer-Bildschirm und den Einband meines Romans \u201eSofies Spiegelwelt\u201c. Dieser Roman spielt in den Tagen ab dem 15. Juni. Das ist der Zeitraum, in dem Schillerfalter f\u00fcr wenige Wochen leben. Warum das so ist, wirst du wissen, wenn du \u201eUri durch den Spiegel\u201c ganz gelesen bzw. geh\u00f6rt hast. <\/p>\n\n\n\n<p>Schmetterlinge sind wohl die einzigen bei uns Menschen wirklich beliebten Insekten. Das liegt daran, dass sie \u2013 in unseren Augen, denn selbst nehmen sie die Farben nicht wie wir wahr \u2013 so sch\u00f6n sind. Ansonsten bezeichnen wir die Insekten zumeist als h\u00e4sslich (sogar die Schmetterlinge, die wir Motten nennen), l\u00e4stig (wie Fliegen) oder gar gef\u00e4hrlich, da einige auch Krankheiten \u00fcbertragen, etwa die Zecken.<\/p>\n\n\n\n<p>Sch\u00f6nheit ist aber keine gute oder schlechte Eigenschaft von etwas, sondern unsere Empfindung. <\/p>\n\n\n\n<p>Die Schillerfalter hei\u00dfen wissenschaftlich Apatura. Bei uns gibt es den gro\u00dfen (A. iris) und den kleinen (A. ilia) Schillerfalter. Sie geh\u00f6ren zu den Edelfaltern. <\/p>\n\n\n\n<p>Dabei mag es nicht jeder von uns edel finden, dass der m\u00e4nnliche gro\u00dfe Schillerfalter in seinem kurzen Leben gerne an Pferdemist, Hundekot oder toten Schnecken saugt. Doch wir sind es, die uns ekeln, weil wir uns anders ern\u00e4hren m\u00fcssen, und Ekel ein Schutz vor falscher Ern\u00e4hrung ist. <\/p>\n\n\n\n<p>Bei unserem Gaukler der L\u00fcfte ist es halt anders und mit einem St\u00fcck richtig gammligem, stinkigen K\u00e4se w\u00fcrden wir Uri (der \u00fcbrigens seinen Namen von Ureda hat, nicht von einem Schweizer Kanton, auch wenn&#8217;s dort K\u00e4se gibt) ungeheuer erfreuen.<\/p>\n\n\n\n<p>Seine Vorliebe kann mit etwas Gl\u00fcck zu einem sch\u00f6nen Erlebnis f\u00fcr uns werden. Da Schillerfalter auch gerne unseren Schwei\u00df riechen und lecken, fliegen sie gegebenenfalls sogar auf unsere Hand. Bei bis zu 7 cm Spannweite, ein toller Anblick!<\/p>\n\n\n\n<p>Sch\u00f6ne Anblicke von Schillerfaltern, ihren Raupen und Eiern findet man <a href=\"http:\/\/www.schmetterling-raupe.de\/art\/iris_s.htm\">hier<\/a>. <\/p>\n\n\n\n<p><em><a href=\"https:\/\/www.ureda.de\/?p=4614\">Dies ist ein Klickwort zum H\u00f6r-, Seh- und Klickbuch \u201cUri durch den Spiegel\u201d von Karl-Josef Durwen<\/a><\/em> <\/p>\n","protected":false},"excerpt":{"rendered":"<p>Schillerfalter, wie unser Uri, hei\u00dfen so, weil das Blau ihrer Fl\u00fcgel je nach Blickwinkel und Lichteinfall mal auftaucht und mal verschwindet. Es schillert geheimnisvoll. Das Blau erinnert an einen Computer-Bildschirm und den Einband meines Romans \u201eSofies Spiegelwelt\u201c. Dieser Roman spielt in den Tagen ab dem 15. Juni. Das ist der Zeitraum, in dem Schillerfalter f\u00fcr [&hellip;]<\/p>\n","protected":false},"author":1,"featured_media":0,"parent":4178,"menu_order":0,"comment_status":"closed","ping_status":"closed","template":"","meta":{"footnotes":""},"class_list":["post-4536","page","type-page","status-publish","hentry"],"_links":{"self":[{"href":"https:\/\/www.ureda.de\/index.php?rest_route=\/wp\/v2\/pages\/4536"}],"collection":[{"href":"https:\/\/www.ureda.de\/index.php?rest_route=\/wp\/v2\/pages"}],"about":[{"href":"https:\/\/www.ureda.de\/index.php?rest_route=\/wp\/v2\/types\/page"}],"author":[{"embeddable":true,"href":"https:\/\/www.ureda.de\/index.php?rest_route=\/wp\/v2\/users\/1"}],"replies":[{"embeddable":true,"href":"https:\/\/www.ureda.de\/index.php?rest_route=%2Fwp%2Fv2%2Fcomments&post=4536"}],"version-history":[{"count":3,"href":"https:\/\/www.ureda.de\/index.php?rest_route=\/wp\/v2\/pages\/4536\/revisions"}],"predecessor-version":[{"id":4685,"href":"https:\/\/www.ureda.de\/index.php?rest_route=\/wp\/v2\/pages\/4536\/revisions\/4685"}],"up":[{"embeddable":true,"href":"https:\/\/www.ureda.de\/index.php?rest_route=\/wp\/v2\/pages\/4178"}],"wp:attachment":[{"href":"https:\/\/www.ureda.de\/index.php?rest_route=%2Fwp%2Fv2%2Fmedia&parent=4536"}],"curies":[{"name":"wp","href":"https:\/\/api.w.org\/{rel}","templated":true}]}}