{"id":4737,"date":"2019-07-23T13:20:24","date_gmt":"2019-07-23T11:20:24","guid":{"rendered":"https:\/\/www.ureda.de\/?page_id=4737"},"modified":"2020-01-26T09:58:54","modified_gmt":"2020-01-26T08:58:54","slug":"kostenloser-download-des-klickbuches","status":"publish","type":"page","link":"https:\/\/www.ureda.de\/?page_id=4737","title":{"rendered":"Kostenloser Download des Klickbuches"},"content":{"rendered":"\t\t<div data-elementor-type=\"wp-post\" data-elementor-id=\"4737\" class=\"elementor elementor-4737\">\n\t\t\t\t\t\t\t\t\t<section class=\"elementor-section elementor-top-section elementor-element elementor-element-6b8ec0ca elementor-section-boxed elementor-section-height-default elementor-section-height-default\" data-id=\"6b8ec0ca\" data-element_type=\"section\">\n\t\t\t\t\t\t<div class=\"elementor-container elementor-column-gap-default\">\n\t\t\t\t\t<div class=\"elementor-column elementor-col-100 elementor-top-column elementor-element elementor-element-2870369e\" data-id=\"2870369e\" data-element_type=\"column\">\n\t\t\t<div class=\"elementor-widget-wrap elementor-element-populated\">\n\t\t\t\t\t\t\t\t<div class=\"elementor-element elementor-element-fd7eab4 elementor-widget elementor-widget-text-editor\" data-id=\"fd7eab4\" data-element_type=\"widget\" data-widget_type=\"text-editor.default\">\n\t\t\t\t<div class=\"elementor-widget-container\">\n\t\t\t\t\t\t\t<p><!-- wp:paragraph --><\/p>\n<p>In das Klickbuch sind \u2013 als Erg\u00e4nzung zum H\u00f6rbuch und dem gedruckten<br \/>Buch \u2013 die Links auf die rund 100 Eintr\u00e4ge des Uri-Lexikons eingef\u00fcgt.<\/p>\n<p><!-- \/wp:paragraph --><\/p>\n<p><!-- wp:paragraph --><\/p>\n<p>Zum kostenlosen Download ist berechtigt, wer das gedruckte Buch in H\u00e4nden h\u00e4lt und folglich die Zugangsfrage beantworten kann:<\/p>\n<p><!-- \/wp:paragraph --><\/p>\n<p><!-- wp:paragraph --><\/p>\n<p>\u00a0<\/p>\n<p><!-- \/wp:paragraph --><\/p>\t\t\t\t\t\t<\/div>\n\t\t\t\t<\/div>\n\t\t\t\t\t<\/div>\n\t\t<\/div>\n\t\t\t\t\t\t\t<\/div>\n\t\t<\/section>\n\t\t\t\t<section class=\"elementor-section elementor-top-section elementor-element elementor-element-2eb7446 elementor-section-boxed elementor-section-height-default elementor-section-height-default\" data-id=\"2eb7446\" data-element_type=\"section\">\n\t\t\t\t\t\t<div class=\"elementor-container elementor-column-gap-default\">\n\t\t\t\t\t<div class=\"elementor-column elementor-col-100 elementor-top-column elementor-element elementor-element-6f25ca2\" data-id=\"6f25ca2\" data-element_type=\"column\">\n\t\t\t<div class=\"elementor-widget-wrap elementor-element-populated\">\n\t\t\t\t\t\t\t\t<div class=\"elementor-element elementor-element-14f31c7 elementor-widget elementor-widget-button\" data-id=\"14f31c7\" data-element_type=\"widget\" data-widget_type=\"button.default\">\n\t\t\t\t<div class=\"elementor-widget-container\">\n\t\t\t\t\t<div class=\"elementor-button-wrapper\">\n\t\t\t<a class=\"elementor-button elementor-size-sm\" role=\"button\">\n\t\t\t\t\t\t<span class=\"elementor-button-content-wrapper\">\n\t\t\t\t\t\t<span class=\"elementor-button-text\">Hier Klicken<\/span>\n\t\t<\/span>\n\t\t\t\t\t<\/a>\n\t\t<\/div>\n\t\t\t\t<\/div>\n\t\t\t\t<\/div>\n\t\t\t\t<div class=\"elementor-element elementor-element-0e5d3f1 elementor-widget elementor-widget-text-editor\" data-id=\"0e5d3f1\" data-element_type=\"widget\" data-widget_type=\"text-editor.default\">\n\t\t\t\t<div class=\"elementor-widget-container\">\n\t\t\t\t\t\t\t\t\t\t\t\t\t<\/div>\n\t\t\t\t<\/div>\n\t\t\t\t\t<\/div>\n\t\t<\/div>\n\t\t\t\t\t\t\t<\/div>\n\t\t<\/section>\n\t\t\t\t\t\t\t<\/div>\n\t\t","protected":false},"excerpt":{"rendered":"<p>In das Klickbuch sind \u2013 als Erg\u00e4nzung zum H\u00f6rbuch und dem gedrucktenBuch \u2013 die Links auf die rund 100 Eintr\u00e4ge des Uri-Lexikons eingef\u00fcgt. Zum kostenlosen Download ist berechtigt, wer das gedruckte Buch in H\u00e4nden h\u00e4lt und folglich die Zugangsfrage beantworten kann: \u00a0 Hier Klicken<\/p>\n","protected":false},"author":1,"featured_media":0,"parent":0,"menu_order":0,"comment_status":"closed","ping_status":"closed","template":"","meta":{"footnotes":""},"class_list":["post-4737","page","type-page","status-publish","hentry"],"_links":{"self":[{"href":"https:\/\/www.ureda.de\/index.php?rest_route=\/wp\/v2\/pages\/4737"}],"collection":[{"href":"https:\/\/www.ureda.de\/index.php?rest_route=\/wp\/v2\/pages"}],"about":[{"href":"https:\/\/www.ureda.de\/index.php?rest_route=\/wp\/v2\/types\/page"}],"author":[{"embeddable":true,"href":"https:\/\/www.ureda.de\/index.php?rest_route=\/wp\/v2\/users\/1"}],"replies":[{"embeddable":true,"href":"https:\/\/www.ureda.de\/index.php?rest_route=%2Fwp%2Fv2%2Fcomments&post=4737"}],"version-history":[{"count":18,"href":"https:\/\/www.ureda.de\/index.php?rest_route=\/wp\/v2\/pages\/4737\/revisions"}],"predecessor-version":[{"id":4931,"href":"https:\/\/www.ureda.de\/index.php?rest_route=\/wp\/v2\/pages\/4737\/revisions\/4931"}],"wp:attachment":[{"href":"https:\/\/www.ureda.de\/index.php?rest_route=%2Fwp%2Fv2%2Fmedia&parent=4737"}],"curies":[{"name":"wp","href":"https:\/\/api.w.org\/{rel}","templated":true}]}}