{"id":481,"date":"2018-08-17T15:17:18","date_gmt":"2018-08-17T13:17:18","guid":{"rendered":"http:\/\/2018.ureda.de\/?page_id=481"},"modified":"2020-02-03T11:31:13","modified_gmt":"2020-02-03T10:31:13","slug":"level-1","status":"publish","type":"page","link":"https:\/\/www.ureda.de\/?page_id=481","title":{"rendered":"Level 1 &#8211; Eins ist die Zahl der Einheit und des Beginns"},"content":{"rendered":"<p>Iris und Elena sto\u00dfen im <a href=\"http:\/\/2018.ureda.de\/?page_id=1593\">ersten Teil des Romans<\/a> auf ein schlichtes und r\u00e4tselhaftes Men\u00fc<strong>:<\/strong><\/p>\n<p><strong><a href=\"http:\/\/2018.ureda.de\/?page_id=1919\">Heureka<\/a> freut sich \u00fcber Ihren virtuellen Besuch. <\/strong><\/p>\n<p><strong>Ich halte, was der Name verspricht. <\/strong><\/p>\n<p><strong>Sie suchen Antworten? \u2013 Ich habe sie! <\/strong><\/p>\n<p><strong>Sonderverkauf von erdfrischen Antwortfragmenten, zumeist gut erhalten. <\/strong><\/p>\n<p><strong>Momentan im Programm: <\/strong><\/p>\n<p><strong>&#8211; Seinsfragengenerator<\/strong><\/p>\n<p><a href=\"http:\/\/2018.ureda.de\/?page_id=2030\"><strong>&#8211; Last Minute Zeitreisen <\/strong><\/a><\/p>\n<p><strong>&#8211; Holistische Aphorismen <\/strong><\/p>\n<p><strong>&#8211; (R)evolution\u00e4re Gedanken <\/strong><\/p>\n<p><strong>&#8211; Neues aus dem Jenseits <\/strong><\/p>\n<p><strong>&#8211; <a href=\"http:\/\/2018.ureda.de\/?page_id=2395\">Interstellare Beziehungskisten<\/a><\/strong><\/p>\n<p><strong>&#8211; Ethische Ladenh\u00fcter\u00a0\u00a0\u00a0\u00a0\u00a0\u00a0\u00a0\u00a0\u00a0\u00a0\u00a0\u00a0\u00a0\u00a0\u00a0\u00a0\u00a0\u00a0\u00a0\u00a0\u00a0\u00a0\u00a0\u00a0\u00a0\u00a0\u00a0\u00a0\u00a0\u00a0\u00a0\u00a0\u00a0\u00a0\u00a0\u00a0\u00a0\u00a0\u00a0\u00a0\u00a0\u00a0\u00a0\u00a0\u00a0\u00a0\u00a0\u00a0\u00a0\u00a0\u00a0\u00a0\u00a0\u00a0\u00a0\u00a0\u00a0\u00a0\u00a0\u00a0\u00a0\u00a0\u00a0\u00a0\u00a0\u00a0\u00a0\u00a0\u00a0\u00a0\u00a0\u00a0\u00a0\u00a0\u00a0\u00a0\u00a0\u00a0\u00a0\u00a0\u00a0 <a href=\"http:\/\/2018.ureda.de\/?page_id=2068\">Ende<\/a><\/strong><\/p>\n\n\n<p><\/p>\n","protected":false},"excerpt":{"rendered":"<p>Iris und Elena sto\u00dfen im ersten Teil des Romans auf ein schlichtes und r\u00e4tselhaftes Men\u00fc: Heureka freut sich \u00fcber Ihren virtuellen Besuch. Ich halte, was der Name verspricht. Sie suchen Antworten? \u2013 Ich habe sie! Sonderverkauf von erdfrischen Antwortfragmenten, zumeist gut erhalten. Momentan im Programm: &#8211; Seinsfragengenerator &#8211; Last Minute Zeitreisen &#8211; Holistische Aphorismen &#8211; [&hellip;]<\/p>\n","protected":false},"author":1,"featured_media":0,"parent":1019,"menu_order":0,"comment_status":"closed","ping_status":"closed","template":"","meta":{"footnotes":""},"class_list":["post-481","page","type-page","status-publish","hentry"],"_links":{"self":[{"href":"https:\/\/www.ureda.de\/index.php?rest_route=\/wp\/v2\/pages\/481"}],"collection":[{"href":"https:\/\/www.ureda.de\/index.php?rest_route=\/wp\/v2\/pages"}],"about":[{"href":"https:\/\/www.ureda.de\/index.php?rest_route=\/wp\/v2\/types\/page"}],"author":[{"embeddable":true,"href":"https:\/\/www.ureda.de\/index.php?rest_route=\/wp\/v2\/users\/1"}],"replies":[{"embeddable":true,"href":"https:\/\/www.ureda.de\/index.php?rest_route=%2Fwp%2Fv2%2Fcomments&post=481"}],"version-history":[{"count":33,"href":"https:\/\/www.ureda.de\/index.php?rest_route=\/wp\/v2\/pages\/481\/revisions"}],"predecessor-version":[{"id":4971,"href":"https:\/\/www.ureda.de\/index.php?rest_route=\/wp\/v2\/pages\/481\/revisions\/4971"}],"up":[{"embeddable":true,"href":"https:\/\/www.ureda.de\/index.php?rest_route=\/wp\/v2\/pages\/1019"}],"wp:attachment":[{"href":"https:\/\/www.ureda.de\/index.php?rest_route=%2Fwp%2Fv2%2Fmedia&parent=481"}],"curies":[{"name":"wp","href":"https:\/\/api.w.org\/{rel}","templated":true}]}}