{"id":4957,"date":"2020-02-03T10:09:54","date_gmt":"2020-02-03T09:09:54","guid":{"rendered":"https:\/\/www.ureda.de\/?page_id=4957"},"modified":"2020-03-11T07:56:06","modified_gmt":"2020-03-11T06:56:06","slug":"bekanntgabe-der-gewinner","status":"publish","type":"page","link":"https:\/\/www.ureda.de\/?page_id=4957","title":{"rendered":"Gewinnspiel"},"content":{"rendered":"\t\t<div data-elementor-type=\"wp-post\" data-elementor-id=\"4957\" class=\"elementor elementor-4957\">\n\t\t\t\t\t\t\t\t\t<section class=\"elementor-section elementor-top-section elementor-element elementor-element-b4bb6bf elementor-section-boxed elementor-section-height-default elementor-section-height-default\" data-id=\"b4bb6bf\" data-element_type=\"section\">\n\t\t\t\t\t\t<div class=\"elementor-container elementor-column-gap-default\">\n\t\t\t\t\t<div class=\"elementor-column elementor-col-100 elementor-top-column elementor-element elementor-element-45e82b6d\" data-id=\"45e82b6d\" data-element_type=\"column\">\n\t\t\t<div class=\"elementor-widget-wrap elementor-element-populated\">\n\t\t\t\t\t\t\t\t<div class=\"elementor-element elementor-element-6c572264 elementor-widget elementor-widget-text-editor\" data-id=\"6c572264\" data-element_type=\"widget\" data-widget_type=\"text-editor.default\">\n\t\t\t\t<div class=\"elementor-widget-container\">\n\t\t\t\t\t\t\t<p><!-- wp:paragraph --><\/p>\n<p>Die vom Buchversand <a href=\"https:\/\/www.glomer.com\/\">Glomer<\/a> und <a href=\"https:\/\/anthrowiki.at\/Hauptseite\">AnthroWiki<\/a> durchgef\u00fchrte Verlosung von\u00a0 <a href=\"https:\/\/2018.ureda.de\/?page_id=1712\">Sofies Spiegelwelt<\/a> (<a href=\"https:\/\/www.ureda.de\/?page_id=4849\">Rezensionen<\/a>) ist beendet.<\/p>\n<p><!-- \/wp:paragraph --><\/p>\n<p><!-- wp:paragraph --><\/p>\n<p>Gedankt sei den zahlreichen Teilnehmerinnen und Teilnehmern f\u00fcr das Interesse.<\/p>\n<p><strong>\u00a0<\/strong><\/p>\n<p><strong>Je ein gebundenes Exemplar hat gewonnen:<\/strong><\/p>\n<p>&#8211; Waldorfschule St. Georgen, Freiburg<\/p>\n<p>&#8211; Goetheschule, Pforzheim<\/p>\n<p>&#8211; Waldorfschule, Rottweil<\/p>\n<p>&#8211; Rudolf Steiner Schule, Z\u00fcrich (Schweiz)<\/p>\n<p>&#8211; Seminar f\u00fcr Waldorfp\u00e4dagogik, M\u00fcnchen<\/p>\n<p>&#8211; Waldorfschule Maschsee, Hannover<\/p>\n<p>&#8211; Paul Hirschberg, Robert-Havemann Gymnasium, Berlin<\/p>\n<p>&#8211; Birgit Vogel, Waldofschule, Hof<\/p>\n<p>&#8211; Susann M\u00fcller, Sch\u00e4fflerbach Werkst\u00e4tten, Augsburg<\/p>\n<p>&#8211; Silke Schickert, Wiesbaden<\/p>\n<p><strong>\u00a0<\/strong><\/p>\n<p><strong>Je eine Taschenbuch-Ausgabe hat gewonnen:<\/strong><\/p>\n<p>&#8211; Susanne Bosshard, Steinerschule, Luzern (Schweiz)<\/p>\n<p>&#8211; Reinhard Kurzer, Annette-von-Droste-H\u00fclshoff Gym., M\u00fcnster<\/p>\n<p>&#8211; Frau L., Gymnasium Salach<\/p>\n<p>&#8211; Rita Daringer, Tageswerkst\u00e4tte St. Stefan im Rosental (\u00d6sterreich)<\/p>\n<p>&#8211; Isabelle Schw\u00f6ble, Augsburg<\/p>\n<p>&#8211; P. Kovers-Berbuer, Christian Morgenstern Schule, Velbert<\/p>\n<p>&#8211; Christien Uhlig, Berufsschule, Leipzig<\/p>\n<p>&#8211; Verena Medinger, Radolfzell<\/p>\n<p>&#8211; D. Jaeger, Berlin<\/p>\n<p>&#8211; Pfarrb\u00fccherei Maria Immaculata, M\u00fcnchen<\/p>\n<p>&#8211; Miriam Kaspar, Witten<\/p>\n<p>\u00a0<\/p>\n<p><strong>Je ein E-Book hat gewonnen:<\/strong><\/p>\n<p>&#8211; Achim Langer, FWS Flensburg<\/p>\n<p>&#8211; Vanessa Metzner, Fachhochschule Potsdam<\/p>\n<p>&#8211; Agathe Kalkbrenner, Akademie f. Waldorfp\u00e4dagogik Mannheim<\/p>\n<p>&#8211; Annette Hochwarth, Mannheim<\/p>\n<p>&#8211; Susanne M\u00fcser-Nasri, potenzial agentur, Hattingen<\/p>\n<p>&#8211; Marco Griebler, M\u00fcnster<\/p>\n<p>&#8211; Marcus Br\u00fcggemann, Institut f\u00fcr Waldorf-P\u00e4dagogik, Witten\/Annen<\/p>\n<p>&#8211; Renate Marsha v. Pentz, Hannover<\/p>\n<p>&#8211; K. aus Engelsberg<\/p>\n<p>&#8211; B. aus Volkach<\/p>\n<p>&#8211; Eine Lehrerin in Hamm<\/p>\n<p>&#8211; B. E. in Niedersachsen<\/p>\n<p>&#8211; Katharina Dudenhausen, Institut f\u00fcr Waldorfp\u00e4dagogik<\/p>\n<p><!-- \/wp:paragraph --><\/p>\n<p><!-- wp:paragraph --><\/p>\n<p><!-- \/wp:paragraph --><\/p>\n<p><!-- wp:paragraph --><\/p>\n<p><!-- \/wp:paragraph --><\/p>\n<p><!-- wp:paragraph --><\/p>\n<p><!-- \/wp:paragraph --><\/p>\t\t\t\t\t\t<\/div>\n\t\t\t\t<\/div>\n\t\t\t\t\t<\/div>\n\t\t<\/div>\n\t\t\t\t\t\t\t<\/div>\n\t\t<\/section>\n\t\t\t\t\t\t\t<\/div>\n\t\t","protected":false},"excerpt":{"rendered":"<p>Die vom Buchversand Glomer und AnthroWiki durchgef\u00fchrte Verlosung von\u00a0 Sofies Spiegelwelt (Rezensionen) ist beendet. Gedankt sei den zahlreichen Teilnehmerinnen und Teilnehmern f\u00fcr das Interesse. \u00a0 Je ein gebundenes Exemplar hat gewonnen: &#8211; Waldorfschule St. Georgen, Freiburg &#8211; Goetheschule, Pforzheim &#8211; Waldorfschule, Rottweil &#8211; Rudolf Steiner Schule, Z\u00fcrich (Schweiz) &#8211; Seminar f\u00fcr Waldorfp\u00e4dagogik, M\u00fcnchen &#8211; Waldorfschule [&hellip;]<\/p>\n","protected":false},"author":1,"featured_media":0,"parent":0,"menu_order":0,"comment_status":"closed","ping_status":"closed","template":"","meta":{"footnotes":""},"class_list":["post-4957","page","type-page","status-publish","hentry"],"_links":{"self":[{"href":"https:\/\/www.ureda.de\/index.php?rest_route=\/wp\/v2\/pages\/4957"}],"collection":[{"href":"https:\/\/www.ureda.de\/index.php?rest_route=\/wp\/v2\/pages"}],"about":[{"href":"https:\/\/www.ureda.de\/index.php?rest_route=\/wp\/v2\/types\/page"}],"author":[{"embeddable":true,"href":"https:\/\/www.ureda.de\/index.php?rest_route=\/wp\/v2\/users\/1"}],"replies":[{"embeddable":true,"href":"https:\/\/www.ureda.de\/index.php?rest_route=%2Fwp%2Fv2%2Fcomments&post=4957"}],"version-history":[{"count":8,"href":"https:\/\/www.ureda.de\/index.php?rest_route=\/wp\/v2\/pages\/4957\/revisions"}],"predecessor-version":[{"id":4997,"href":"https:\/\/www.ureda.de\/index.php?rest_route=\/wp\/v2\/pages\/4957\/revisions\/4997"}],"wp:attachment":[{"href":"https:\/\/www.ureda.de\/index.php?rest_route=%2Fwp%2Fv2%2Fmedia&parent=4957"}],"curies":[{"name":"wp","href":"https:\/\/api.w.org\/{rel}","templated":true}]}}