{"id":531,"date":"2018-08-19T15:35:41","date_gmt":"2018-08-19T13:35:41","guid":{"rendered":"http:\/\/2018.ureda.de\/?page_id=531"},"modified":"2019-05-05T09:21:40","modified_gmt":"2019-05-05T07:21:40","slug":"level-2","status":"publish","type":"page","link":"https:\/\/www.ureda.de\/?page_id=531","title":{"rendered":"Level 2 &#8211; Die Zahl der Gegens\u00e4tzlichkeit"},"content":{"rendered":"\t\t<div data-elementor-type=\"wp-post\" data-elementor-id=\"531\" class=\"elementor elementor-531 elementor-bc-flex-widget\">\n\t\t\t\t\t\t\t\t\t<section class=\"elementor-section elementor-top-section elementor-element elementor-element-3acf9ed0 elementor-section-boxed elementor-section-height-default elementor-section-height-default\" data-id=\"3acf9ed0\" data-element_type=\"section\">\n\t\t\t\t\t\t<div class=\"elementor-container elementor-column-gap-default\">\n\t\t\t\t\t<div class=\"elementor-column elementor-col-100 elementor-top-column elementor-element elementor-element-206909ab\" data-id=\"206909ab\" data-element_type=\"column\">\n\t\t\t<div class=\"elementor-widget-wrap elementor-element-populated\">\n\t\t\t\t\t\t\t\t<div class=\"elementor-element elementor-element-3dd76d06 elementor-widget elementor-widget-text-editor\" data-id=\"3dd76d06\" data-element_type=\"widget\" data-widget_type=\"text-editor.default\">\n\t\t\t\t<div class=\"elementor-widget-container\">\n\t\t\t\t\t\t\t<p><img loading=\"lazy\" decoding=\"async\" class=\"alignleft\" src=\"http:\/\/2018.ureda.de\/wp-content\/uploads\/2018\/10\/kalender-300x209.png\" alt=\"\" width=\"300\" height=\"209\" \/><\/p><p>\u00a0<\/p><p>Als Iris und Elena <a href=\"http:\/\/2018.ureda.de\/?page_id=2722\" target=\"_blank\" rel=\"noopener\">das zweite Level<\/a> erreichen, verk\u00fcndet Datas Stimme, dass Zwei die Zahl der Gegens\u00e4tzlichkeit ist.<\/p><p>Tats\u00e4chlich werden die Schwestern unterschiedliche Erinnerungen an den 15. Juni haben, der zum dreifachen Freitag wird, weil sie den Men\u00fcpunkt der <a href=\"http:\/\/2018.ureda.de\/?page_id=2030\" target=\"_blank\" rel=\"noopener\">Zeitreisen<\/a> aktiviert haben (wom\u00f6glich mehrmals?).<\/p>\t\t\t\t\t\t<\/div>\n\t\t\t\t<\/div>\n\t\t\t\t\t<\/div>\n\t\t<\/div>\n\t\t\t\t\t\t\t<\/div>\n\t\t<\/section>\n\t\t\t\t\t\t\t<\/div>\n\t\t","protected":false},"excerpt":{"rendered":"<p>Als Iris und Elena das zweite Level erreichen, verk\u00fcndet Datas Stimme, dass Zwei die Zahl der Gegens\u00e4tzlichkeit ist. Tats\u00e4chlich werden die Schwestern unterschiedliche Erinnerungen an den 15. Juni haben, der zum dreifachen Freitag wird, weil sie den Men\u00fcpunkt der Zeitreisen aktiviert haben (wom\u00f6glich mehrmals?).<\/p>\n","protected":false},"author":1,"featured_media":0,"parent":1019,"menu_order":0,"comment_status":"closed","ping_status":"closed","template":"","meta":{"footnotes":""},"class_list":["post-531","page","type-page","status-publish","hentry"],"_links":{"self":[{"href":"https:\/\/www.ureda.de\/index.php?rest_route=\/wp\/v2\/pages\/531"}],"collection":[{"href":"https:\/\/www.ureda.de\/index.php?rest_route=\/wp\/v2\/pages"}],"about":[{"href":"https:\/\/www.ureda.de\/index.php?rest_route=\/wp\/v2\/types\/page"}],"author":[{"embeddable":true,"href":"https:\/\/www.ureda.de\/index.php?rest_route=\/wp\/v2\/users\/1"}],"replies":[{"embeddable":true,"href":"https:\/\/www.ureda.de\/index.php?rest_route=%2Fwp%2Fv2%2Fcomments&post=531"}],"version-history":[{"count":23,"href":"https:\/\/www.ureda.de\/index.php?rest_route=\/wp\/v2\/pages\/531\/revisions"}],"predecessor-version":[{"id":4125,"href":"https:\/\/www.ureda.de\/index.php?rest_route=\/wp\/v2\/pages\/531\/revisions\/4125"}],"up":[{"embeddable":true,"href":"https:\/\/www.ureda.de\/index.php?rest_route=\/wp\/v2\/pages\/1019"}],"wp:attachment":[{"href":"https:\/\/www.ureda.de\/index.php?rest_route=%2Fwp%2Fv2%2Fmedia&parent=531"}],"curies":[{"name":"wp","href":"https:\/\/api.w.org\/{rel}","templated":true}]}}