{"id":535,"date":"2018-08-19T16:25:48","date_gmt":"2018-08-19T14:25:48","guid":{"rendered":"http:\/\/2018.ureda.de\/?page_id=535"},"modified":"2019-05-05T09:25:24","modified_gmt":"2019-05-05T07:25:24","slug":"level-3","status":"publish","type":"page","link":"https:\/\/www.ureda.de\/?page_id=535","title":{"rendered":"Level 3 &#8211; Die Zahl der Welt"},"content":{"rendered":"\t\t<div data-elementor-type=\"wp-post\" data-elementor-id=\"535\" class=\"elementor elementor-535\">\n\t\t\t\t\t\t\t\t\t<section class=\"elementor-section elementor-top-section elementor-element elementor-element-449dde36 elementor-section-boxed elementor-section-height-default elementor-section-height-default\" data-id=\"449dde36\" data-element_type=\"section\">\n\t\t\t\t\t\t<div class=\"elementor-container elementor-column-gap-default\">\n\t\t\t\t\t<div class=\"elementor-column elementor-col-50 elementor-top-column elementor-element elementor-element-7557bbf5\" data-id=\"7557bbf5\" data-element_type=\"column\">\n\t\t\t<div class=\"elementor-widget-wrap elementor-element-populated\">\n\t\t\t\t\t\t\t\t<div class=\"elementor-element elementor-element-47817e8 elementor-widget elementor-widget-image\" data-id=\"47817e8\" data-element_type=\"widget\" data-widget_type=\"image.default\">\n\t\t\t\t<div class=\"elementor-widget-container\">\n\t\t\t\t\t\t\t\t\t\t\t\t<figure class=\"wp-caption\">\n\t\t\t\t\t\t\t\t\t\t<img loading=\"lazy\" decoding=\"async\" width=\"407\" height=\"563\" src=\"https:\/\/www.ureda.de\/wp-content\/uploads\/2019\/01\/m51.jpg\" class=\"attachment-medium_large size-medium_large wp-image-2572\" alt=\"\" srcset=\"https:\/\/www.ureda.de\/wp-content\/uploads\/2019\/01\/m51.jpg 407w, https:\/\/www.ureda.de\/wp-content\/uploads\/2019\/01\/m51-217x300.jpg 217w\" sizes=\"(max-width: 407px) 100vw, 407px\" \/>\t\t\t\t\t\t\t\t\t\t\t<figcaption class=\"widget-image-caption wp-caption-text\">Quelle: NASA - https:\/\/www.nasa.gov\/mission_pages\/chandra\/multimedia\/spiral-galaxy-m51.html<\/figcaption>\n\t\t\t\t\t\t\t\t\t\t<\/figure>\n\t\t\t\t\t\t\t\t\t<\/div>\n\t\t\t\t<\/div>\n\t\t\t\t\t<\/div>\n\t\t<\/div>\n\t\t\t\t<div class=\"elementor-column elementor-col-50 elementor-top-column elementor-element elementor-element-ef67018\" data-id=\"ef67018\" data-element_type=\"column\">\n\t\t\t<div class=\"elementor-widget-wrap elementor-element-populated\">\n\t\t\t\t\t\t\t\t<div class=\"elementor-element elementor-element-1ee2104 elementor-widget elementor-widget-text-editor\" data-id=\"1ee2104\" data-element_type=\"widget\" data-widget_type=\"text-editor.default\">\n\t\t\t\t<div class=\"elementor-widget-container\">\n\t\t\t\t\t\t\t<p><span style=\"color: #333333;\">Wir erleben die Welt in drei r\u00e4umlichen Dimensionen, sowie als Vergangenheit, Gegenwart und Zukunft.<\/span><\/p><p><span style=\"color: #333333;\">Das wird in &#8222;<a href=\"http:\/\/2018.ureda.de\/?page_id=1712\" target=\"_blank\" rel=\"noopener\">Sofies Spiegelwelt<\/a>&#8220; eindringlich behandelt und relativiert.<\/span><\/p><p><span style=\"color: #333333;\">So durch die Beispiele mit <a href=\"http:\/\/2018.ureda.de\/?page_id=2295\">A-Quadrat<\/a>, dem <a href=\"http:\/\/2018.ureda.de\/?page_id=2544\">M\u00f6biusband<\/a>, dem dreifachen Freitag und in mehrern Gespr\u00e4chen.<\/span><\/p><p><span style=\"color: #333333;\">Dazu akustische Beispiele, die meisterlich von Peter Kr\u00fcger erstellt wurden:<\/span><\/p><p>Raum:<\/p><p><!--[if lt IE 9]><script>document.createElement('audio');<\/script><![endif]-->\n<audio class=\"wp-audio-shortcode\" id=\"audio-535-1\" preload=\"none\" style=\"width: 100%;\" controls=\"controls\"><source type=\"audio\/mpeg\" src=\"http:\/\/2018.ureda.de\/wp-content\/uploads\/2019\/01\/dialog-raum.mp3?_=1\" \/><a href=\"http:\/\/2018.ureda.de\/wp-content\/uploads\/2019\/01\/dialog-raum.mp3\">http:\/\/2018.ureda.de\/wp-content\/uploads\/2019\/01\/dialog-raum.mp3<\/a><\/audio><\/p><p><span style=\"color: #333333;\">\u00a0<\/span><\/p><p><span style=\"color: #333333;\">Zeit:<\/span><\/p><p><audio class=\"wp-audio-shortcode\" id=\"audio-535-2\" preload=\"none\" style=\"width: 100%;\" controls=\"controls\"><source type=\"audio\/mpeg\" src=\"http:\/\/2018.ureda.de\/wp-content\/uploads\/2019\/01\/dialog-zeit.mp3?_=2\" \/><a href=\"http:\/\/2018.ureda.de\/wp-content\/uploads\/2019\/01\/dialog-zeit.mp3\">http:\/\/2018.ureda.de\/wp-content\/uploads\/2019\/01\/dialog-zeit.mp3<\/a><\/audio><\/p><p><span style=\"color: #333333;\">\u00a0<\/span><\/p><p><span style=\"color: #333333;\">\u00a0<\/span><\/p>\t\t\t\t\t\t<\/div>\n\t\t\t\t<\/div>\n\t\t\t\t\t<\/div>\n\t\t<\/div>\n\t\t\t\t\t\t\t<\/div>\n\t\t<\/section>\n\t\t\t\t\t\t\t<\/div>\n\t\t","protected":false},"excerpt":{"rendered":"<p>Quelle: NASA &#8211; https:\/\/www.nasa.gov\/mission_pages\/chandra\/multimedia\/spiral-galaxy-m51.html Wir erleben die Welt in drei r\u00e4umlichen Dimensionen, sowie als Vergangenheit, Gegenwart und Zukunft. Das wird in &#8222;Sofies Spiegelwelt&#8220; eindringlich behandelt und relativiert. So durch die Beispiele mit A-Quadrat, dem M\u00f6biusband, dem dreifachen Freitag und in mehrern Gespr\u00e4chen. Dazu akustische Beispiele, die meisterlich von Peter Kr\u00fcger erstellt wurden: Raum: \u00a0 Zeit: [&hellip;]<\/p>\n","protected":false},"author":1,"featured_media":0,"parent":1019,"menu_order":0,"comment_status":"closed","ping_status":"closed","template":"","meta":{"footnotes":""},"class_list":["post-535","page","type-page","status-publish","hentry"],"_links":{"self":[{"href":"https:\/\/www.ureda.de\/index.php?rest_route=\/wp\/v2\/pages\/535"}],"collection":[{"href":"https:\/\/www.ureda.de\/index.php?rest_route=\/wp\/v2\/pages"}],"about":[{"href":"https:\/\/www.ureda.de\/index.php?rest_route=\/wp\/v2\/types\/page"}],"author":[{"embeddable":true,"href":"https:\/\/www.ureda.de\/index.php?rest_route=\/wp\/v2\/users\/1"}],"replies":[{"embeddable":true,"href":"https:\/\/www.ureda.de\/index.php?rest_route=%2Fwp%2Fv2%2Fcomments&post=535"}],"version-history":[{"count":29,"href":"https:\/\/www.ureda.de\/index.php?rest_route=\/wp\/v2\/pages\/535\/revisions"}],"predecessor-version":[{"id":4129,"href":"https:\/\/www.ureda.de\/index.php?rest_route=\/wp\/v2\/pages\/535\/revisions\/4129"}],"up":[{"embeddable":true,"href":"https:\/\/www.ureda.de\/index.php?rest_route=\/wp\/v2\/pages\/1019"}],"wp:attachment":[{"href":"https:\/\/www.ureda.de\/index.php?rest_route=%2Fwp%2Fv2%2Fmedia&parent=535"}],"curies":[{"name":"wp","href":"https:\/\/api.w.org\/{rel}","templated":true}]}}