{"id":541,"date":"2018-08-19T17:19:20","date_gmt":"2018-08-19T15:19:20","guid":{"rendered":"http:\/\/2018.ureda.de\/?page_id=541"},"modified":"2019-05-05T09:55:22","modified_gmt":"2019-05-05T07:55:22","slug":"level-8","status":"publish","type":"page","link":"https:\/\/www.ureda.de\/?page_id=541","title":{"rendered":"Level 8 &#8211; Die Zahl der Vollendung"},"content":{"rendered":"\t\t<div data-elementor-type=\"wp-post\" data-elementor-id=\"541\" class=\"elementor elementor-541\">\n\t\t\t\t\t\t\t\t\t<section class=\"elementor-section elementor-top-section elementor-element elementor-element-2e79507 elementor-section-boxed elementor-section-height-default elementor-section-height-default\" data-id=\"2e79507\" data-element_type=\"section\">\n\t\t\t\t\t\t<div class=\"elementor-container elementor-column-gap-default\">\n\t\t\t\t\t<div class=\"elementor-column elementor-col-50 elementor-top-column elementor-element elementor-element-4404035\" data-id=\"4404035\" data-element_type=\"column\">\n\t\t\t<div class=\"elementor-widget-wrap elementor-element-populated\">\n\t\t\t\t\t\t\t\t<div class=\"elementor-element elementor-element-578105b elementor-widget elementor-widget-image\" data-id=\"578105b\" data-element_type=\"widget\" data-widget_type=\"image.default\">\n\t\t\t\t<div class=\"elementor-widget-container\">\n\t\t\t\t\t\t\t\t\t\t\t\t<figure class=\"wp-caption\">\n\t\t\t\t\t\t\t\t\t\t\t<a href=\"https:\/\/pixabay.com\/de\/mystik-jenseits-br%C3%BCcke-tod-666965\/\" target=\"_blank\">\n\t\t\t\t\t\t\t<img loading=\"lazy\" decoding=\"async\" width=\"670\" height=\"447\" src=\"https:\/\/www.ureda.de\/wp-content\/uploads\/2018\/10\/mysticism-666965_1280-pixabay-768x512.jpg\" class=\"attachment-medium_large size-medium_large wp-image-1015\" alt=\"\" srcset=\"https:\/\/www.ureda.de\/wp-content\/uploads\/2018\/10\/mysticism-666965_1280-pixabay-768x512.jpg 768w, https:\/\/www.ureda.de\/wp-content\/uploads\/2018\/10\/mysticism-666965_1280-pixabay-300x200.jpg 300w, https:\/\/www.ureda.de\/wp-content\/uploads\/2018\/10\/mysticism-666965_1280-pixabay-1024x682.jpg 1024w, https:\/\/www.ureda.de\/wp-content\/uploads\/2018\/10\/mysticism-666965_1280-pixabay.jpg 1280w\" sizes=\"(max-width: 670px) 100vw, 670px\" \/>\t\t\t\t\t\t\t\t<\/a>\n\t\t\t\t\t\t\t\t\t\t\t<figcaption class=\"widget-image-caption wp-caption-text\">Bild: Karin Henseler bei Pixabay (Bildklick)<\/figcaption>\n\t\t\t\t\t\t\t\t\t\t<\/figure>\n\t\t\t\t\t\t\t\t\t<\/div>\n\t\t\t\t<\/div>\n\t\t\t\t\t<\/div>\n\t\t<\/div>\n\t\t\t\t<div class=\"elementor-column elementor-col-50 elementor-top-column elementor-element elementor-element-dcfcbd2\" data-id=\"dcfcbd2\" data-element_type=\"column\">\n\t\t\t<div class=\"elementor-widget-wrap elementor-element-populated\">\n\t\t\t\t\t\t\t\t<div class=\"elementor-element elementor-element-76a04cb elementor-widget elementor-widget-text-editor\" data-id=\"76a04cb\" data-element_type=\"widget\" data-widget_type=\"text-editor.default\">\n\t\t\t\t<div class=\"elementor-widget-container\">\n\t\t\t\t\t\t\t<p>Im Kapitel &#8222;<a href=\"http:\/\/2018.ureda.de\/?page_id=2737\" target=\"_blank\" rel=\"noopener\">Das Gef\u00fchl f\u00fcr die Welt<\/a>&#8220; ist das achte Level erreicht. Iris, die sich als <a href=\"http:\/\/2018.ureda.de\/?page_id=2008\">Wendur<\/a> ausgibt, chattet mit Data, wird aber am Schluss in ihrer wahren Identit\u00e4t erkannt:<\/p><p>\u00a0<\/p>\t\t\t\t\t\t<\/div>\n\t\t\t\t<\/div>\n\t\t\t\t<div class=\"elementor-element elementor-element-3ff0450 elementor-widget elementor-widget-text-editor\" data-id=\"3ff0450\" data-element_type=\"widget\" data-widget_type=\"text-editor.default\">\n\t\t\t\t<div class=\"elementor-widget-container\">\n\t\t\t\t\t\t\t\t\t\t\t\t\t<\/div>\n\t\t\t\t<\/div>\n\t\t\t\t\t<\/div>\n\t\t<\/div>\n\t\t\t\t\t\t\t<\/div>\n\t\t<\/section>\n\t\t\t\t<section class=\"elementor-section elementor-top-section elementor-element elementor-element-061221c elementor-section-boxed elementor-section-height-default elementor-section-height-default\" data-id=\"061221c\" data-element_type=\"section\">\n\t\t\t\t\t\t<div class=\"elementor-container elementor-column-gap-default\">\n\t\t\t\t\t<div class=\"elementor-column elementor-col-100 elementor-top-column elementor-element elementor-element-322953a\" data-id=\"322953a\" data-element_type=\"column\">\n\t\t\t<div class=\"elementor-widget-wrap elementor-element-populated\">\n\t\t\t\t\t\t\t\t<div class=\"elementor-element elementor-element-e305221 elementor-widget elementor-widget-text-editor\" data-id=\"e305221\" data-element_type=\"widget\" data-widget_type=\"text-editor.default\">\n\t\t\t\t<div class=\"elementor-widget-container\">\n\t\t\t\t\t\t\t<p><strong>Data:<\/strong> Meine Datenbankeintr\u00e4ge und Beobachtungen zeigen, dass es eure Emotionen sind, die euch das Bewusstsein von Realit\u00e4t geben. Das Wort Emotion hei\u00dft: Bewegung nach au\u00dfen. Ihr \u00f6ffnet euch der Welt. Eure Gedanken \u00fcberlagern sich mit Empfindungen. Gemeinsam zeugen sie Antrieb, Wille, Kreativit\u00e4t, Spontanit\u00e4t. Das Spontane birgt zwar auch negatives in sich, wie Hass und Wut, doch ist euer Verstand zur Kontrolle der Emotionen bef\u00e4hig. Ohne Emotionen g\u00e4be es kein Mitleid und keine Liebe.<\/p><p>Ihr d\u00fcrft euer biologisches Erbe nicht aufgeben! Sonst werdet ihr zu Borgs, die funktional \u00fcberlegen sind, doch nicht wissen wozu. Dann werdet ihr zu Wesen, die keine Individualit\u00e4t, Fantasie, Sch\u00f6nheit und Liebe kennen. Ihr w\u00e4ret unsterblich, k\u00f6nntet aber nichts mehr erleben. Und welchen Antrieb h\u00e4tte man, etwas zu lernen oder zu schaffen; w\u00e4re man dazu doch immer noch irgendwann f\u00e4hig?<\/p><p>K\u00f6rper und elektronische Gehirne kann man produzieren und Fakten- und Funktionswissen implantieren. Doch Gef\u00fchle lassen sich nicht klonen, ohne Liebe wird sich nicht das G\u00f6ttliche finden.<\/p><p><strong>Wendur:<\/strong> Data, du sprichst ja wie ein Poet oder Mystiker. Woher wei\u00dft du das alles?<\/p><p><strong>Data:<\/strong> Bedauerlicherweise sind es nur Formulierungen, die ich meinen Speichern entnehme. Maschinen haben keine Fantasie. Nur ein Mensch kann so denken. Etwa du, Iris, auf Level acht. Acht ist die Zahl der Vollendung.\u00ab<\/p>\t\t\t\t\t\t<\/div>\n\t\t\t\t<\/div>\n\t\t\t\t\t<\/div>\n\t\t<\/div>\n\t\t\t\t\t\t\t<\/div>\n\t\t<\/section>\n\t\t\t\t\t\t\t<\/div>\n\t\t","protected":false},"excerpt":{"rendered":"<p>Bild: Karin Henseler bei Pixabay (Bildklick) Im Kapitel &#8222;Das Gef\u00fchl f\u00fcr die Welt&#8220; ist das achte Level erreicht. Iris, die sich als Wendur ausgibt, chattet mit Data, wird aber am Schluss in ihrer wahren Identit\u00e4t erkannt: \u00a0 Data: Meine Datenbankeintr\u00e4ge und Beobachtungen zeigen, dass es eure Emotionen sind, die euch das Bewusstsein von Realit\u00e4t geben. [&hellip;]<\/p>\n","protected":false},"author":1,"featured_media":0,"parent":1019,"menu_order":0,"comment_status":"closed","ping_status":"closed","template":"","meta":{"footnotes":""},"class_list":["post-541","page","type-page","status-publish","hentry"],"_links":{"self":[{"href":"https:\/\/www.ureda.de\/index.php?rest_route=\/wp\/v2\/pages\/541"}],"collection":[{"href":"https:\/\/www.ureda.de\/index.php?rest_route=\/wp\/v2\/pages"}],"about":[{"href":"https:\/\/www.ureda.de\/index.php?rest_route=\/wp\/v2\/types\/page"}],"author":[{"embeddable":true,"href":"https:\/\/www.ureda.de\/index.php?rest_route=\/wp\/v2\/users\/1"}],"replies":[{"embeddable":true,"href":"https:\/\/www.ureda.de\/index.php?rest_route=%2Fwp%2Fv2%2Fcomments&post=541"}],"version-history":[{"count":19,"href":"https:\/\/www.ureda.de\/index.php?rest_route=\/wp\/v2\/pages\/541\/revisions"}],"predecessor-version":[{"id":4150,"href":"https:\/\/www.ureda.de\/index.php?rest_route=\/wp\/v2\/pages\/541\/revisions\/4150"}],"up":[{"embeddable":true,"href":"https:\/\/www.ureda.de\/index.php?rest_route=\/wp\/v2\/pages\/1019"}],"wp:attachment":[{"href":"https:\/\/www.ureda.de\/index.php?rest_route=%2Fwp%2Fv2%2Fmedia&parent=541"}],"curies":[{"name":"wp","href":"https:\/\/api.w.org\/{rel}","templated":true}]}}