{"id":57,"date":"2018-01-15T11:26:47","date_gmt":"2018-01-15T10:26:47","guid":{"rendered":"http:\/\/2018.ureda.de\/?page_id=57"},"modified":"2018-10-19T17:20:43","modified_gmt":"2018-10-19T15:20:43","slug":"ug-kabinett","status":"publish","type":"page","link":"https:\/\/www.ureda.de\/?page_id=57","title":{"rendered":"Kabinett"},"content":{"rendered":"<div id=\"image-map-pro-9561\"><\/div>\n<p>&nbsp;<\/p>\n<p>Das Kabinett ist ein Hinterzimmer. Darin beriet sich fr\u00fcher der Herrscher mit seinen Ratgebern, bevor er im davor liegenden Prunksaal seine Entscheidungen verk\u00fcndete. Heute nennt man so das Kollegium, das die Regierungsgesch\u00e4fte f\u00fchrt. In Ureda regieren Zufall und Notwendigkeit, sowie &#8211; ganz zur\u00fcckhaltend &#8211; die Macher und Berater des Projektes.<\/p>\n","protected":false},"excerpt":{"rendered":"<p>&nbsp; Das Kabinett ist ein Hinterzimmer. Darin beriet sich fr\u00fcher der Herrscher mit seinen Ratgebern, bevor er im davor liegenden Prunksaal seine Entscheidungen verk\u00fcndete. Heute nennt man so das Kollegium, das die Regierungsgesch\u00e4fte f\u00fchrt. In Ureda regieren Zufall und Notwendigkeit, sowie &#8211; ganz zur\u00fcckhaltend &#8211; die Macher und Berater des Projektes.<\/p>\n","protected":false},"author":1,"featured_media":0,"parent":1033,"menu_order":0,"comment_status":"closed","ping_status":"closed","template":"","meta":{"footnotes":""},"class_list":["post-57","page","type-page","status-publish","hentry"],"_links":{"self":[{"href":"https:\/\/www.ureda.de\/index.php?rest_route=\/wp\/v2\/pages\/57"}],"collection":[{"href":"https:\/\/www.ureda.de\/index.php?rest_route=\/wp\/v2\/pages"}],"about":[{"href":"https:\/\/www.ureda.de\/index.php?rest_route=\/wp\/v2\/types\/page"}],"author":[{"embeddable":true,"href":"https:\/\/www.ureda.de\/index.php?rest_route=\/wp\/v2\/users\/1"}],"replies":[{"embeddable":true,"href":"https:\/\/www.ureda.de\/index.php?rest_route=%2Fwp%2Fv2%2Fcomments&post=57"}],"version-history":[{"count":13,"href":"https:\/\/www.ureda.de\/index.php?rest_route=\/wp\/v2\/pages\/57\/revisions"}],"predecessor-version":[{"id":2944,"href":"https:\/\/www.ureda.de\/index.php?rest_route=\/wp\/v2\/pages\/57\/revisions\/2944"}],"up":[{"embeddable":true,"href":"https:\/\/www.ureda.de\/index.php?rest_route=\/wp\/v2\/pages\/1033"}],"wp:attachment":[{"href":"https:\/\/www.ureda.de\/index.php?rest_route=%2Fwp%2Fv2%2Fmedia&parent=57"}],"curies":[{"name":"wp","href":"https:\/\/api.w.org\/{rel}","templated":true}]}}