{"id":595,"date":"2018-08-23T11:42:21","date_gmt":"2018-08-23T09:42:21","guid":{"rendered":"http:\/\/2018.ureda.de\/?page_id=595"},"modified":"2019-02-05T11:07:16","modified_gmt":"2019-02-05T10:07:16","slug":"vor-dem-turmzimmer","status":"publish","type":"page","link":"https:\/\/www.ureda.de\/?page_id=595","title":{"rendered":"Verlassener Raum"},"content":{"rendered":"<p><img loading=\"lazy\" decoding=\"async\" class=\"alignnone wp-image-929\" src=\"http:\/\/2018.ureda.de\/wp-content\/uploads\/2018\/09\/verlassen1-1-300x172.png\" alt=\"\" width=\"477\" height=\"273\" srcset=\"https:\/\/www.ureda.de\/wp-content\/uploads\/2018\/09\/verlassen1-1-300x172.png 300w, https:\/\/www.ureda.de\/wp-content\/uploads\/2018\/09\/verlassen1-1.png 435w\" sizes=\"(max-width: 477px) 100vw, 477px\" \/><\/p>\n<p>Mit etwas Nervenkitzel, jedoch durch Freiheit und Abenteuerlust stimuliert, st\u00f6berten die Schwestern bald durch die nun vom Tageslicht erhellten R\u00e4ume. Erst folgten sie ihren Spuren von gestern, die sich deutlich in der Staubschicht abzeichneten, dann stie\u00dfen sie in weitere Zimmer vor.<\/p>\n","protected":false},"excerpt":{"rendered":"<p>Mit etwas Nervenkitzel, jedoch durch Freiheit und Abenteuerlust stimuliert, st\u00f6berten die Schwestern bald durch die nun vom Tageslicht erhellten R\u00e4ume. Erst folgten sie ihren Spuren von gestern, die sich deutlich in der Staubschicht abzeichneten, dann stie\u00dfen sie in weitere Zimmer vor.<\/p>\n","protected":false},"author":1,"featured_media":0,"parent":1035,"menu_order":0,"comment_status":"closed","ping_status":"closed","template":"","meta":{"footnotes":""},"class_list":["post-595","page","type-page","status-publish","hentry"],"_links":{"self":[{"href":"https:\/\/www.ureda.de\/index.php?rest_route=\/wp\/v2\/pages\/595"}],"collection":[{"href":"https:\/\/www.ureda.de\/index.php?rest_route=\/wp\/v2\/pages"}],"about":[{"href":"https:\/\/www.ureda.de\/index.php?rest_route=\/wp\/v2\/types\/page"}],"author":[{"embeddable":true,"href":"https:\/\/www.ureda.de\/index.php?rest_route=\/wp\/v2\/users\/1"}],"replies":[{"embeddable":true,"href":"https:\/\/www.ureda.de\/index.php?rest_route=%2Fwp%2Fv2%2Fcomments&post=595"}],"version-history":[{"count":6,"href":"https:\/\/www.ureda.de\/index.php?rest_route=\/wp\/v2\/pages\/595\/revisions"}],"predecessor-version":[{"id":2666,"href":"https:\/\/www.ureda.de\/index.php?rest_route=\/wp\/v2\/pages\/595\/revisions\/2666"}],"up":[{"embeddable":true,"href":"https:\/\/www.ureda.de\/index.php?rest_route=\/wp\/v2\/pages\/1035"}],"wp:attachment":[{"href":"https:\/\/www.ureda.de\/index.php?rest_route=%2Fwp%2Fv2%2Fmedia&parent=595"}],"curies":[{"name":"wp","href":"https:\/\/api.w.org\/{rel}","templated":true}]}}