{"id":660,"date":"2018-08-23T17:01:11","date_gmt":"2018-08-23T15:01:11","guid":{"rendered":"http:\/\/2018.ureda.de\/?page_id=660"},"modified":"2018-08-24T10:54:09","modified_gmt":"2018-08-24T08:54:09","slug":"level-1b","status":"publish","type":"page","link":"https:\/\/www.ureda.de\/?page_id=660","title":{"rendered":"Antworten"},"content":{"rendered":"<p><strong>Irrt\u00fcmlicherweise meint man, es g\u00e4be zu viele Fragen und zu wenig Antworten. Tats\u00e4chlich ist der Vorrat an Antworten unersch\u00f6pflich. Das eigentliche Problem ist, die zugeh\u00f6rigen Fragen zu finden.\u00a0<\/strong><\/p>\n<p>W\u00e4hrend Elena \u00fcber den Satz nachdenkt, der so \u00e4hnlich bereits in der Mail stand, klickt Iris schon mit einem \u00bbKommt sich wahnsinnig originell vor, der Spinner. Mal sehen, was er zu bieten hat\u00ab auf das Icon.<strong><div id=\"image-map-pro-5195\"><\/div><\/strong><\/p>\n","protected":false},"excerpt":{"rendered":"<p>Irrt\u00fcmlicherweise meint man, es g\u00e4be zu viele Fragen und zu wenig Antworten. Tats\u00e4chlich ist der Vorrat an Antworten unersch\u00f6pflich. Das eigentliche Problem ist, die zugeh\u00f6rigen Fragen zu finden.\u00a0 W\u00e4hrend Elena \u00fcber den Satz nachdenkt, der so \u00e4hnlich bereits in der Mail stand, klickt Iris schon mit einem \u00bbKommt sich wahnsinnig originell vor, der Spinner. Mal [&hellip;]<\/p>\n","protected":false},"author":1,"featured_media":0,"parent":481,"menu_order":0,"comment_status":"closed","ping_status":"closed","template":"","meta":{"footnotes":""},"class_list":["post-660","page","type-page","status-publish","hentry"],"_links":{"self":[{"href":"https:\/\/www.ureda.de\/index.php?rest_route=\/wp\/v2\/pages\/660"}],"collection":[{"href":"https:\/\/www.ureda.de\/index.php?rest_route=\/wp\/v2\/pages"}],"about":[{"href":"https:\/\/www.ureda.de\/index.php?rest_route=\/wp\/v2\/types\/page"}],"author":[{"embeddable":true,"href":"https:\/\/www.ureda.de\/index.php?rest_route=\/wp\/v2\/users\/1"}],"replies":[{"embeddable":true,"href":"https:\/\/www.ureda.de\/index.php?rest_route=%2Fwp%2Fv2%2Fcomments&post=660"}],"version-history":[{"count":22,"href":"https:\/\/www.ureda.de\/index.php?rest_route=\/wp\/v2\/pages\/660\/revisions"}],"predecessor-version":[{"id":695,"href":"https:\/\/www.ureda.de\/index.php?rest_route=\/wp\/v2\/pages\/660\/revisions\/695"}],"up":[{"embeddable":true,"href":"https:\/\/www.ureda.de\/index.php?rest_route=\/wp\/v2\/pages\/481"}],"wp:attachment":[{"href":"https:\/\/www.ureda.de\/index.php?rest_route=%2Fwp%2Fv2%2Fmedia&parent=660"}],"curies":[{"name":"wp","href":"https:\/\/api.w.org\/{rel}","templated":true}]}}