{"id":764,"date":"2018-08-25T12:12:25","date_gmt":"2018-08-25T10:12:25","guid":{"rendered":"http:\/\/2018.ureda.de\/?page_id=764"},"modified":"2019-02-06T14:39:24","modified_gmt":"2019-02-06T13:39:24","slug":"noch-leerer-raum-eg","status":"publish","type":"page","link":"https:\/\/www.ureda.de\/?page_id=764","title":{"rendered":"Verlassener Raum"},"content":{"rendered":"<p><img loading=\"lazy\" decoding=\"async\" class=\"wp-image-925 alignleft\" src=\"http:\/\/2018.ureda.de\/wp-content\/uploads\/2018\/09\/verlassen4-300x249.png\" alt=\"\" width=\"326\" height=\"271\" srcset=\"https:\/\/www.ureda.de\/wp-content\/uploads\/2018\/09\/verlassen4-300x249.png 300w, https:\/\/www.ureda.de\/wp-content\/uploads\/2018\/09\/verlassen4.png 432w\" sizes=\"(max-width: 326px) 100vw, 326px\" \/><strong>Aus Kapitel &#8222;<a href=\"http:\/\/2018.ureda.de\/?page_id=1584\">Der Zwinkerspiegel<\/a>&#8222;:<\/strong><\/p>\n<p>Sie \u00fcberquerten bei einsetzender D\u00e4mmerung den achteckigen Innenhof des Geb\u00e4udes und drangen in das Erdgeschoss des Ostturmes ein.<\/p>\n<p>Wenn man sich nicht vor Spinnen und ihren Geweben ekelte und nicht \u00fcber gelegentlich weghuschende M\u00e4use erschrak, dann konnte man es recht gut aushalten.<\/p>\n<p>Denn obschon seit Jahren unbewohnt, waren die R\u00e4ume weder verfallen, noch ihre Einrichtung unbrauchbar. Einige Tage Gro\u00dfputzeinsatz h\u00e4tten gen\u00fcgt, die alte Philosophenschule von Ureda wieder in Betrieb zu nehmen.<\/p>\n<p>Allerdings gelang es dem D\u00e4mmerlicht kaum noch, die verschmutzten Scheiben zu durchdringen, und leider hatten sie keine Lampe mitgenommen.<\/p>\n<p>Entt\u00e4uscht machten sie sich auf den R\u00fcckweg zum einzig noch von ihnen und Lehrmeister Wendur bewohnten Geb\u00e4udeteil.<\/p>\n","protected":false},"excerpt":{"rendered":"<p>Aus Kapitel &#8222;Der Zwinkerspiegel&#8222;: Sie \u00fcberquerten bei einsetzender D\u00e4mmerung den achteckigen Innenhof des Geb\u00e4udes und drangen in das Erdgeschoss des Ostturmes ein. Wenn man sich nicht vor Spinnen und ihren Geweben ekelte und nicht \u00fcber gelegentlich weghuschende M\u00e4use erschrak, dann konnte man es recht gut aushalten. Denn obschon seit Jahren unbewohnt, waren die R\u00e4ume weder [&hellip;]<\/p>\n","protected":false},"author":1,"featured_media":0,"parent":1029,"menu_order":0,"comment_status":"closed","ping_status":"closed","template":"","meta":{"footnotes":""},"class_list":["post-764","page","type-page","status-publish","hentry"],"_links":{"self":[{"href":"https:\/\/www.ureda.de\/index.php?rest_route=\/wp\/v2\/pages\/764"}],"collection":[{"href":"https:\/\/www.ureda.de\/index.php?rest_route=\/wp\/v2\/pages"}],"about":[{"href":"https:\/\/www.ureda.de\/index.php?rest_route=\/wp\/v2\/types\/page"}],"author":[{"embeddable":true,"href":"https:\/\/www.ureda.de\/index.php?rest_route=\/wp\/v2\/users\/1"}],"replies":[{"embeddable":true,"href":"https:\/\/www.ureda.de\/index.php?rest_route=%2Fwp%2Fv2%2Fcomments&post=764"}],"version-history":[{"count":12,"href":"https:\/\/www.ureda.de\/index.php?rest_route=\/wp\/v2\/pages\/764\/revisions"}],"predecessor-version":[{"id":2751,"href":"https:\/\/www.ureda.de\/index.php?rest_route=\/wp\/v2\/pages\/764\/revisions\/2751"}],"up":[{"embeddable":true,"href":"https:\/\/www.ureda.de\/index.php?rest_route=\/wp\/v2\/pages\/1029"}],"wp:attachment":[{"href":"https:\/\/www.ureda.de\/index.php?rest_route=%2Fwp%2Fv2%2Fmedia&parent=764"}],"curies":[{"name":"wp","href":"https:\/\/api.w.org\/{rel}","templated":true}]}}